{"id":18,"date":"2018-02-23T12:15:55","date_gmt":"2018-02-23T12:15:55","guid":{"rendered":"https:\/\/arise-gateway.org\/contact-us\/"},"modified":"2021-01-23T00:46:10","modified_gmt":"2021-01-22T21:46:10","slug":"contact-us","status":"publish","type":"page","link":"https:\/\/arise-gateway.org\/de\/contact-us\/","title":{"rendered":"Kontakt"},"content":{"rendered":"\t\t<div data-elementor-type=\"wp-post\" data-elementor-id=\"18\" class=\"elementor elementor-18\">\n\t\t\t\t\t\t<section class=\"elementor-section elementor-top-section elementor-element elementor-element-ef418b4 elementor-section-content-middle elementor-section-boxed elementor-section-height-default elementor-section-height-default\" data-id=\"ef418b4\" data-element_type=\"section\" data-e-type=\"section\" data-settings=\"{&quot;background_background&quot;:&quot;classic&quot;}\">\n\t\t\t\t\t\t<div class=\"elementor-container elementor-column-gap-wide\">\n\t\t\t\t\t<div class=\"elementor-column elementor-col-100 elementor-top-column elementor-element elementor-element-2556a46\" data-id=\"2556a46\" data-element_type=\"column\" data-e-type=\"column\">\n\t\t\t<div class=\"elementor-widget-wrap elementor-element-populated\">\n\t\t\t\t\t\t<div class=\"elementor-element elementor-element-6d1da914 elementor-widget elementor-widget-heading\" data-id=\"6d1da914\" data-element_type=\"widget\" data-e-type=\"widget\" data-widget_type=\"heading.default\">\n\t\t\t\t<div class=\"elementor-widget-container\">\n\t\t\t\t\t<h4 class=\"elementor-heading-title elementor-size-default\">Support or partner with us<\/h4>\t\t\t\t<\/div>\n\t\t\t\t<\/div>\n\t\t\t\t<div class=\"elementor-element elementor-element-33e781a0 elementor-widget-divider--view-line elementor-widget elementor-widget-divider\" data-id=\"33e781a0\" data-element_type=\"widget\" data-e-type=\"widget\" data-widget_type=\"divider.default\">\n\t\t\t\t<div class=\"elementor-widget-container\">\n\t\t\t\t\t\t\t<div class=\"elementor-divider\">\n\t\t\t<span class=\"elementor-divider-separator\">\n\t\t\t\t\t\t<\/span>\n\t\t<\/div>\n\t\t\t\t\t\t<\/div>\n\t\t\t\t<\/div>\n\t\t\t\t\t<\/div>\n\t\t<\/div>\n\t\t\t\t\t<\/div>\n\t\t<\/section>\n\t\t\t\t<section class=\"elementor-section elementor-top-section elementor-element elementor-element-9920f85 elementor-section-boxed elementor-section-height-default elementor-section-height-default\" data-id=\"9920f85\" data-element_type=\"section\" data-e-type=\"section\">\n\t\t\t\t\t\t<div class=\"elementor-container elementor-column-gap-default\">\n\t\t\t\t\t<div class=\"elementor-column elementor-col-50 elementor-top-column elementor-element elementor-element-d72d16d\" data-id=\"d72d16d\" data-element_type=\"column\" data-e-type=\"column\">\n\t\t\t<div class=\"elementor-widget-wrap elementor-element-populated\">\n\t\t\t\t\t\t<div class=\"elementor-element elementor-element-ec9f039 elementor-widget elementor-widget-heading\" data-id=\"ec9f039\" data-element_type=\"widget\" data-e-type=\"widget\" data-widget_type=\"heading.default\">\n\t\t\t\t<div class=\"elementor-widget-container\">\n\t\t\t\t\t<h3 class=\"elementor-heading-title elementor-size-default\">Contact Us<\/h3>\t\t\t\t<\/div>\n\t\t\t\t<\/div>\n\t\t\t\t<div class=\"elementor-element elementor-element-8b0f025 elementor-widget elementor-widget-wpforms\" data-id=\"8b0f025\" data-element_type=\"widget\" data-e-type=\"widget\" data-widget_type=\"wpforms.default\">\n\t\t\t\t<div class=\"elementor-widget-container\">\n\t\t\t\t\t<div class=\"wpforms-container \" id=\"wpforms-9\"><form id=\"wpforms-form-9\" class=\"wpforms-validate wpforms-form\" data-formid=\"9\" method=\"post\" enctype=\"multipart\/form-data\" action=\"\/de\/wp-json\/wp\/v2\/pages\/18\" data-token=\"b17103fe48ab718911ed8936006a4cb7\" data-token-time=\"1778331584\"><noscript class=\"wpforms-error-noscript\">Bitte aktiviere JavaScript in deinem Browser, um dieses Formular fertigzustellen.<\/noscript><div class=\"wpforms-field-container\"><div id=\"wpforms-9-field_0-container\" class=\"wpforms-field wpforms-field-name\" data-field-id=\"0\"><label class=\"wpforms-field-label\" for=\"wpforms-9-field_0\">Your Name(required)<\/label><input type=\"text\" id=\"wpforms-9-field_0\" class=\"wpforms-field-large\" name=\"wpforms[fields][0]\" ><\/div><div id=\"wpforms-9-field_1-container\" class=\"wpforms-field wpforms-field-email\" data-field-id=\"1\"><label class=\"wpforms-field-label\" for=\"wpforms-9-field_1\">Your Email(required)<\/label><input type=\"email\" id=\"wpforms-9-field_1\" class=\"wpforms-field-large\" name=\"wpforms[fields][1]\" spellcheck=\"false\" ><\/div><div id=\"wpforms-9-field_3-container\" class=\"wpforms-field wpforms-field-text\" data-field-id=\"3\"><label class=\"wpforms-field-label\" for=\"wpforms-9-field_3\">Subject<\/label><input type=\"text\" id=\"wpforms-9-field_3\" class=\"wpforms-field-large\" name=\"wpforms[fields][3]\" ><\/div><div id=\"wpforms-9-field_2-container\" class=\"wpforms-field wpforms-field-textarea\" data-field-id=\"2\"><label class=\"wpforms-field-label\" for=\"wpforms-9-field_2\">Your Message<\/label><textarea id=\"wpforms-9-field_2\" class=\"wpforms-field-large\" name=\"wpforms[fields][2]\" ><\/textarea><\/div><\/div><!-- .wpforms-field-container --><div class=\"wpforms-field wpforms-field-hp\"><label for=\"wpforms-9-field-hp\" class=\"wpforms-field-label\">Message<\/label><input type=\"text\" name=\"wpforms[hp]\" id=\"wpforms-9-field-hp\" class=\"wpforms-field-medium\"><\/div><div class=\"wpforms-submit-container\" ><input type=\"hidden\" name=\"wpforms[id]\" value=\"9\"><input type=\"hidden\" name=\"page_title\" value=\"\"><input type=\"hidden\" name=\"page_url\" value=\"https:\/\/arise-gateway.org\/de\/wp-json\/wp\/v2\/pages\/18\"><input type=\"hidden\" name=\"url_referer\" value=\"\"><button type=\"submit\" name=\"wpforms[submit]\" id=\"wpforms-submit-9\" class=\"wpforms-submit\" data-alt-text=\"Sending...\" data-submit-text=\"Send \" aria-live=\"assertive\" value=\"wpforms-submit\">Send <\/button><\/div><\/form><\/div>  <!-- .wpforms-container -->\t\t\t\t<\/div>\n\t\t\t\t<\/div>\n\t\t\t\t\t<\/div>\n\t\t<\/div>\n\t\t\t\t<div class=\"elementor-column elementor-col-50 elementor-top-column elementor-element elementor-element-ee330f0\" data-id=\"ee330f0\" data-element_type=\"column\" data-e-type=\"column\">\n\t\t\t<div class=\"elementor-widget-wrap elementor-element-populated\">\n\t\t\t\t\t\t<div class=\"elementor-element elementor-element-6c85b8f elementor-widget elementor-widget-heading\" data-id=\"6c85b8f\" data-element_type=\"widget\" data-e-type=\"widget\" data-widget_type=\"heading.default\">\n\t\t\t\t<div class=\"elementor-widget-container\">\n\t\t\t\t\t<h3 class=\"elementor-heading-title elementor-size-default\">We Would Love to Hear from You<\/h3>\t\t\t\t<\/div>\n\t\t\t\t<\/div>\n\t\t\t\t<div class=\"elementor-element elementor-element-61ed7a6 elementor-widget elementor-widget-heading\" data-id=\"61ed7a6\" data-element_type=\"widget\" data-e-type=\"widget\" data-widget_type=\"heading.default\">\n\t\t\t\t<div class=\"elementor-widget-container\">\n\t\t\t\t\t<h2 class=\"elementor-heading-title elementor-size-default\">Please write or call us with your questions or comments<\/h2>\t\t\t\t<\/div>\n\t\t\t\t<\/div>\n\t\t\t\t<div class=\"elementor-element elementor-element-8455c74 elementor-widget elementor-widget-heading\" data-id=\"8455c74\" data-element_type=\"widget\" data-e-type=\"widget\" data-widget_type=\"heading.default\">\n\t\t\t\t<div class=\"elementor-widget-container\">\n\t\t\t\t\t<h3 class=\"elementor-heading-title elementor-size-default\">Contact<\/h3>\t\t\t\t<\/div>\n\t\t\t\t<\/div>\n\t\t\t\t<div class=\"elementor-element elementor-element-b7519d0 elementor-align-start elementor-icon-list--layout-traditional elementor-list-item-link-full_width elementor-widget elementor-widget-icon-list\" data-id=\"b7519d0\" data-element_type=\"widget\" data-e-type=\"widget\" data-widget_type=\"icon-list.default\">\n\t\t\t\t<div class=\"elementor-widget-container\">\n\t\t\t\t\t\t\t<ul class=\"elementor-icon-list-items\">\n\t\t\t\t\t\t\t<li class=\"elementor-icon-list-item\">\n\t\t\t\t\t\t\t\t\t\t\t<span class=\"elementor-icon-list-icon\">\n\t\t\t\t\t\t\t<i aria-hidden=\"true\" class=\"fas fa-map-marker-alt\"><\/i>\t\t\t\t\t\t<\/span>\n\t\t\t\t\t\t\t\t\t\t<span class=\"elementor-icon-list-text\">Juba, South Sudan<\/span>\n\t\t\t\t\t\t\t\t\t<\/li>\n\t\t\t\t\t\t\t\t<li class=\"elementor-icon-list-item\">\n\t\t\t\t\t\t\t\t\t\t\t<a href=\"http:\/\/info@arise-gateway.org\">\n\n\t\t\t\t\t\t\t\t\t\t\t\t<span class=\"elementor-icon-list-icon\">\n\t\t\t\t\t\t\t<i aria-hidden=\"true\" class=\"fas fa-envelope\"><\/i>\t\t\t\t\t\t<\/span>\n\t\t\t\t\t\t\t\t\t\t<span class=\"elementor-icon-list-text\">info@arise-gateway.org<\/span>\n\t\t\t\t\t\t\t\t\t\t\t<\/a>\n\t\t\t\t\t\t\t\t\t<\/li>\n\t\t\t\t\t\t\t\t<li class=\"elementor-icon-list-item\">\n\t\t\t\t\t\t\t\t\t\t\t<span class=\"elementor-icon-list-icon\">\n\t\t\t\t\t\t\t<i aria-hidden=\"true\" class=\"fas fa-phone\"><\/i>\t\t\t\t\t\t<\/span>\n\t\t\t\t\t\t\t\t\t\t<span class=\"elementor-icon-list-text\">+4915208311635<\/span>\n\t\t\t\t\t\t\t\t\t<\/li>\n\t\t\t\t\t\t\t\t<li class=\"elementor-icon-list-item\">\n\t\t\t\t\t\t\t\t\t\t\t<span class=\"elementor-icon-list-icon\">\n\t\t\t\t\t\t\t<i aria-hidden=\"true\" class=\"fas fa-phone\"><\/i>\t\t\t\t\t\t<\/span>\n\t\t\t\t\t\t\t\t\t\t<span class=\"elementor-icon-list-text\">+211920244775 (not reachable at the moment)<\/span>\n\t\t\t\t\t\t\t\t\t<\/li>\n\t\t\t\t\t\t<\/ul>\n\t\t\t\t\t\t<\/div>\n\t\t\t\t<\/div>\n\t\t\t\t<div class=\"elementor-element elementor-element-c394acb elementor-widget elementor-widget-heading\" data-id=\"c394acb\" data-element_type=\"widget\" data-e-type=\"widget\" data-widget_type=\"heading.default\">\n\t\t\t\t<div class=\"elementor-widget-container\">\n\t\t\t\t\t<h3 class=\"elementor-heading-title elementor-size-default\">Arise Gateway Friends - deutscher Unterst\u00fctzerverein e.V.<\/h3>\t\t\t\t<\/div>\n\t\t\t\t<\/div>\n\t\t\t\t<div class=\"elementor-element elementor-element-9638b1f elementor-align-start elementor-icon-list--layout-traditional elementor-list-item-link-full_width elementor-widget elementor-widget-icon-list\" data-id=\"9638b1f\" data-element_type=\"widget\" data-e-type=\"widget\" data-widget_type=\"icon-list.default\">\n\t\t\t\t<div class=\"elementor-widget-container\">\n\t\t\t\t\t\t\t<ul class=\"elementor-icon-list-items\">\n\t\t\t\t\t\t\t<li class=\"elementor-icon-list-item\">\n\t\t\t\t\t\t\t\t\t\t\t<span class=\"elementor-icon-list-icon\">\n\t\t\t\t\t\t\t<i aria-hidden=\"true\" class=\"fas fa-map-marker-alt\"><\/i>\t\t\t\t\t\t<\/span>\n\t\t\t\t\t\t\t\t\t\t<span class=\"elementor-icon-list-text\">Hechtg\u00e4ssle 6, 79353 Bahlingen, Germany<\/span>\n\t\t\t\t\t\t\t\t\t<\/li>\n\t\t\t\t\t\t\t\t<li class=\"elementor-icon-list-item\">\n\t\t\t\t\t\t\t\t\t\t\t<a href=\"http:\/\/info@arise-gateway.org\">\n\n\t\t\t\t\t\t\t\t\t\t\t\t<span class=\"elementor-icon-list-icon\">\n\t\t\t\t\t\t\t<i aria-hidden=\"true\" class=\"fas fa-envelope\"><\/i>\t\t\t\t\t\t<\/span>\n\t\t\t\t\t\t\t\t\t\t<span class=\"elementor-icon-list-text\">info@arise-gateway.org<\/span>\n\t\t\t\t\t\t\t\t\t\t\t<\/a>\n\t\t\t\t\t\t\t\t\t<\/li>\n\t\t\t\t\t\t\t\t<li class=\"elementor-icon-list-item\">\n\t\t\t\t\t\t\t\t\t\t\t<span class=\"elementor-icon-list-icon\">\n\t\t\t\t\t\t\t<i aria-hidden=\"true\" class=\"fas fa-phone\"><\/i>\t\t\t\t\t\t<\/span>\n\t\t\t\t\t\t\t\t\t\t<span class=\"elementor-icon-list-text\">+4915201783510 <\/span>\n\t\t\t\t\t\t\t\t\t<\/li>\n\t\t\t\t\t\t<\/ul>\n\t\t\t\t\t\t<\/div>\n\t\t\t\t<\/div>\n\t\t\t\t\t<\/div>\n\t\t<\/div>\n\t\t\t\t\t<\/div>\n\t\t<\/section>\n\t\t\t\t<\/div>\n\t\t","protected":false},"excerpt":{"rendered":"<p>Support or partner with us Contact Us We Would Love to Hear from You Please write or call us with your questions or comments Contact Juba, South Sudan info@arise-gateway.org +4915208311635 +211920244775 (not reachable at the moment) Arise Gateway Friends &#8211; deutscher Unterst\u00fctzerverein e.V. Hechtg\u00e4ssle 6, 79353 Bahlingen, Germany info@arise-gateway.org +4915201783510<\/p>","protected":false},"author":1,"featured_media":0,"parent":0,"menu_order":0,"comment_status":"closed","ping_status":"closed","template":"","meta":{"_monsterinsights_skip_tracking":false,"_monsterinsights_sitenote_active":false,"_monsterinsights_sitenote_note":"","_monsterinsights_sitenote_category":0,"site-sidebar-layout":"no-sidebar","site-content-layout":"page-builder","ast-site-content-layout":"default","site-content-style":"default","site-sidebar-style":"default","ast-global-header-display":"","ast-banner-title-visibility":"","ast-main-header-display":"","ast-hfb-above-header-display":"","ast-hfb-below-header-display":"","ast-hfb-mobile-header-display":"","site-post-title":"disabled","ast-breadcrumbs-content":"","ast-featured-img":"disabled","footer-sml-layout":"","ast-disable-related-posts":"","theme-transparent-header-meta":"","adv-header-id-meta":"","stick-header-meta":"","header-above-stick-meta":"","header-main-stick-meta":"","header-below-stick-meta":"","astra-migrate-meta-layouts":"default","ast-page-background-enabled":"default","ast-page-background-meta":{"desktop":{"background-color":"","background-image":"","background-repeat":"repeat","background-position":"center center","background-size":"auto","background-attachment":"scroll","background-type":"","background-media":"","overlay-type":"","overlay-color":"","overlay-opacity":"","overlay-gradient":""},"tablet":{"background-color":"","background-image":"","background-repeat":"repeat","background-position":"center center","background-size":"auto","background-attachment":"scroll","background-type":"","background-media":"","overlay-type":"","overlay-color":"","overlay-opacity":"","overlay-gradient":""},"mobile":{"background-color":"","background-image":"","background-repeat":"repeat","background-position":"center center","background-size":"auto","background-attachment":"scroll","background-type":"","background-media":"","overlay-type":"","overlay-color":"","overlay-opacity":"","overlay-gradient":""}},"ast-content-background-meta":{"desktop":{"background-color":"var(--ast-global-color-5)","background-image":"","background-repeat":"repeat","background-position":"center center","background-size":"auto","background-attachment":"scroll","background-type":"","background-media":"","overlay-type":"","overlay-color":"","overlay-opacity":"","overlay-gradient":""},"tablet":{"background-color":"var(--ast-global-color-5)","background-image":"","background-repeat":"repeat","background-position":"center center","background-size":"auto","background-attachment":"scroll","background-type":"","background-media":"","overlay-type":"","overlay-color":"","overlay-opacity":"","overlay-gradient":""},"mobile":{"background-color":"var(--ast-global-color-5)","background-image":"","background-repeat":"repeat","background-position":"center center","background-size":"auto","background-attachment":"scroll","background-type":"","background-media":"","overlay-type":"","overlay-color":"","overlay-opacity":"","overlay-gradient":""}},"footnotes":""},"class_list":["post-18","page","type-page","status-publish","hentry"],"yoast_head":"<!-- This site is optimized with the Yoast SEO plugin v27.5 - https:\/\/yoast.com\/product\/yoast-seo-wordpress\/ -->\n<title>Contact Us - Arise Gateway<\/title>\n<meta name=\"robots\" content=\"index, follow, max-snippet:-1, max-image-preview:large, max-video-preview:-1\" \/>\n<link rel=\"canonical\" href=\"https:\/\/arise-gateway.org\/de\/contact-us\/\" \/>\n<meta property=\"og:locale\" content=\"de_DE\" \/>\n<meta property=\"og:type\" content=\"article\" \/>\n<meta property=\"og:title\" content=\"Contact Us - Arise Gateway\" \/>\n<meta property=\"og:description\" content=\"Support or partner with us Contact Us We Would Love to Hear from You Please write or call us with your questions or comments Contact Juba, South Sudan info@arise-gateway.org +4915208311635 +211920244775 (not reachable at the moment) Arise Gateway Friends &#8211; deutscher Unterst\u00fctzerverein e.V. Hechtg\u00e4ssle 6, 79353 Bahlingen, Germany info@arise-gateway.org +4915201783510\" \/>\n<meta property=\"og:url\" content=\"https:\/\/arise-gateway.org\/de\/contact-us\/\" \/>\n<meta property=\"og:site_name\" content=\"Arise Gateway\" \/>\n<meta property=\"article:modified_time\" content=\"2021-01-22T21:46:10+00:00\" \/>\n<meta name=\"twitter:card\" content=\"summary_large_image\" \/>\n<script type=\"application\/ld+json\" class=\"yoast-schema-graph\">{\"@context\":\"https:\\\/\\\/schema.org\",\"@graph\":[{\"@type\":\"WebPage\",\"@id\":\"https:\\\/\\\/arise-gateway.org\\\/contact-us\\\/\",\"url\":\"https:\\\/\\\/arise-gateway.org\\\/contact-us\\\/\",\"name\":\"Contact Us - Arise Gateway\",\"isPartOf\":{\"@id\":\"https:\\\/\\\/arise-gateway.org\\\/de\\\/#website\"},\"datePublished\":\"2018-02-23T12:15:55+00:00\",\"dateModified\":\"2021-01-22T21:46:10+00:00\",\"breadcrumb\":{\"@id\":\"https:\\\/\\\/arise-gateway.org\\\/contact-us\\\/#breadcrumb\"},\"inLanguage\":\"de\",\"potentialAction\":[{\"@type\":\"ReadAction\",\"target\":[\"https:\\\/\\\/arise-gateway.org\\\/contact-us\\\/\"]}]},{\"@type\":\"BreadcrumbList\",\"@id\":\"https:\\\/\\\/arise-gateway.org\\\/contact-us\\\/#breadcrumb\",\"itemListElement\":[{\"@type\":\"ListItem\",\"position\":1,\"name\":\"Home\",\"item\":\"https:\\\/\\\/arise-gateway.org\\\/\"},{\"@type\":\"ListItem\",\"position\":2,\"name\":\"Contact Us\"}]},{\"@type\":\"WebSite\",\"@id\":\"https:\\\/\\\/arise-gateway.org\\\/de\\\/#website\",\"url\":\"https:\\\/\\\/arise-gateway.org\\\/de\\\/\",\"name\":\"Arise Gateway\",\"description\":\"Empowering Communities\",\"publisher\":{\"@id\":\"https:\\\/\\\/arise-gateway.org\\\/de\\\/#organization\"},\"potentialAction\":[{\"@type\":\"SearchAction\",\"target\":{\"@type\":\"EntryPoint\",\"urlTemplate\":\"https:\\\/\\\/arise-gateway.org\\\/de\\\/?s={search_term_string}\"},\"query-input\":{\"@type\":\"PropertyValueSpecification\",\"valueRequired\":true,\"valueName\":\"search_term_string\"}}],\"inLanguage\":\"de\"},{\"@type\":\"Organization\",\"@id\":\"https:\\\/\\\/arise-gateway.org\\\/de\\\/#organization\",\"name\":\"Arise Gateway\",\"url\":\"https:\\\/\\\/arise-gateway.org\\\/de\\\/\",\"logo\":{\"@type\":\"ImageObject\",\"inLanguage\":\"de\",\"@id\":\"https:\\\/\\\/arise-gateway.org\\\/de\\\/#\\\/schema\\\/logo\\\/image\\\/\",\"url\":\"https:\\\/\\\/arise-gateway.org\\\/wp-content\\\/uploads\\\/2020\\\/10\\\/5935417C-26EC-4B17-878B-63854AFED0E1_4_5005_c.jpeg\",\"contentUrl\":\"https:\\\/\\\/arise-gateway.org\\\/wp-content\\\/uploads\\\/2020\\\/10\\\/5935417C-26EC-4B17-878B-63854AFED0E1_4_5005_c.jpeg\",\"width\":500,\"height\":157,\"caption\":\"Arise Gateway\"},\"image\":{\"@id\":\"https:\\\/\\\/arise-gateway.org\\\/de\\\/#\\\/schema\\\/logo\\\/image\\\/\"}}]}<\/script>\n<!-- \/ Yoast SEO plugin. -->","yoast_head_json":{"title":"Contact Us - Arise Gateway","robots":{"index":"index","follow":"follow","max-snippet":"max-snippet:-1","max-image-preview":"max-image-preview:large","max-video-preview":"max-video-preview:-1"},"canonical":"https:\/\/arise-gateway.org\/de\/contact-us\/","og_locale":"de_DE","og_type":"article","og_title":"Contact Us - Arise Gateway","og_description":"Support or partner with us Contact Us We Would Love to Hear from You Please write or call us with your questions or comments Contact Juba, South Sudan info@arise-gateway.org +4915208311635 +211920244775 (not reachable at the moment) Arise Gateway Friends &#8211; deutscher Unterst\u00fctzerverein e.V. Hechtg\u00e4ssle 6, 79353 Bahlingen, Germany info@arise-gateway.org +4915201783510","og_url":"https:\/\/arise-gateway.org\/de\/contact-us\/","og_site_name":"Arise Gateway","article_modified_time":"2021-01-22T21:46:10+00:00","twitter_card":"summary_large_image","schema":{"@context":"https:\/\/schema.org","@graph":[{"@type":"WebPage","@id":"https:\/\/arise-gateway.org\/contact-us\/","url":"https:\/\/arise-gateway.org\/contact-us\/","name":"Contact Us - Arise Gateway","isPartOf":{"@id":"https:\/\/arise-gateway.org\/de\/#website"},"datePublished":"2018-02-23T12:15:55+00:00","dateModified":"2021-01-22T21:46:10+00:00","breadcrumb":{"@id":"https:\/\/arise-gateway.org\/contact-us\/#breadcrumb"},"inLanguage":"de","potentialAction":[{"@type":"ReadAction","target":["https:\/\/arise-gateway.org\/contact-us\/"]}]},{"@type":"BreadcrumbList","@id":"https:\/\/arise-gateway.org\/contact-us\/#breadcrumb","itemListElement":[{"@type":"ListItem","position":1,"name":"Home","item":"https:\/\/arise-gateway.org\/"},{"@type":"ListItem","position":2,"name":"Contact Us"}]},{"@type":"WebSite","@id":"https:\/\/arise-gateway.org\/de\/#website","url":"https:\/\/arise-gateway.org\/de\/","name":"Arise Gateway ist eine nationale Nichtregierungsorganisation (NNGO), die seit 2018 benachteiligten Gemeinden im gesamten S\u00fcdsudan hilft. Wir setzen uns daf\u00fcr ein, Menschen zu st\u00e4rken, indem wir lokalen Gemeinden Zugang zu den Instrumenten und Ressourcen verschaffen, die sie f\u00fcr eine nachhaltige Entwicklung und Wachstum ben\u00f6tigen.\n\nUnsere Arbeit konzentriert sich auf die F\u00f6rderung der Bildung benachteiligter Kinder, die Vergabe von Stipendien an Sch\u00fcler und Studenten, die Schulung lokaler Landwirte und die Vermittlung grundlegender F\u00e4higkeiten, damit die Menschen ihr Potenzial voll aussch\u00f6pfen k\u00f6nnen. Geleitet von einem gemeinschaftsorientierten Ansatz arbeiten wir eng mit lokalen Gemeinschaften zusammen, um nachhaltige L\u00f6sungen f\u00fcr lokale Herausforderungen zu entwickeln und umzusetzen \u2013 damit die Entwicklung nicht nur wirkungsvoll, sondern auch nachhaltig ist.","description":"Empowering Communities","publisher":{"@id":"https:\/\/arise-gateway.org\/de\/#organization"},"potentialAction":[{"@type":"SearchAction","target":{"@type":"EntryPoint","urlTemplate":"https:\/\/arise-gateway.org\/de\/?s={search_term_string}"},"query-input":{"@type":"PropertyValueSpecification","valueRequired":true,"valueName":"search_term_string"}}],"inLanguage":"de"},{"@type":"Organization","@id":"https:\/\/arise-gateway.org\/de\/#organization","name":"Arise Gateway ist eine nationale Nichtregierungsorganisation (NNGO), die seit 2018 benachteiligten Gemeinden im gesamten S\u00fcdsudan hilft. Wir setzen uns daf\u00fcr ein, Menschen zu st\u00e4rken, indem wir lokalen Gemeinden Zugang zu den Instrumenten und Ressourcen verschaffen, die sie f\u00fcr eine nachhaltige Entwicklung und Wachstum ben\u00f6tigen.\n\nUnsere Arbeit konzentriert sich auf die F\u00f6rderung der Bildung benachteiligter Kinder, die Vergabe von Stipendien an Sch\u00fcler und Studenten, die Schulung lokaler Landwirte und die Vermittlung grundlegender F\u00e4higkeiten, damit die Menschen ihr Potenzial voll aussch\u00f6pfen k\u00f6nnen. Geleitet von einem gemeinschaftsorientierten Ansatz arbeiten wir eng mit lokalen Gemeinschaften zusammen, um nachhaltige L\u00f6sungen f\u00fcr lokale Herausforderungen zu entwickeln und umzusetzen \u2013 damit die Entwicklung nicht nur wirkungsvoll, sondern auch nachhaltig ist.","url":"https:\/\/arise-gateway.org\/de\/","logo":{"@type":"ImageObject","inLanguage":"de","@id":"https:\/\/arise-gateway.org\/de\/#\/schema\/logo\/image\/","url":"https:\/\/arise-gateway.org\/wp-content\/uploads\/2020\/10\/5935417C-26EC-4B17-878B-63854AFED0E1_4_5005_c.jpeg","contentUrl":"https:\/\/arise-gateway.org\/wp-content\/uploads\/2020\/10\/5935417C-26EC-4B17-878B-63854AFED0E1_4_5005_c.jpeg","width":500,"height":157,"caption":"Arise Gateway"},"image":{"@id":"https:\/\/arise-gateway.org\/de\/#\/schema\/logo\/image\/"}}]}},"_links":{"self":[{"href":"https:\/\/arise-gateway.org\/de\/wp-json\/wp\/v2\/pages\/18","targetHints":{"allow":["GET"]}}],"collection":[{"href":"https:\/\/arise-gateway.org\/de\/wp-json\/wp\/v2\/pages"}],"about":[{"href":"https:\/\/arise-gateway.org\/de\/wp-json\/wp\/v2\/types\/page"}],"author":[{"embeddable":true,"href":"https:\/\/arise-gateway.org\/de\/wp-json\/wp\/v2\/users\/1"}],"replies":[{"embeddable":true,"href":"https:\/\/arise-gateway.org\/de\/wp-json\/wp\/v2\/comments?post=18"}],"version-history":[{"count":45,"href":"https:\/\/arise-gateway.org\/de\/wp-json\/wp\/v2\/pages\/18\/revisions"}],"predecessor-version":[{"id":2731,"href":"https:\/\/arise-gateway.org\/de\/wp-json\/wp\/v2\/pages\/18\/revisions\/2731"}],"wp:attachment":[{"href":"https:\/\/arise-gateway.org\/de\/wp-json\/wp\/v2\/media?parent=18"}],"curies":[{"name":"wp","href":"https:\/\/api.w.org\/{rel}","templated":true}]}}