{"id":1646,"date":"2020-11-12T23:45:35","date_gmt":"2020-11-12T20:45:35","guid":{"rendered":"https:\/\/arise-gateway.org\/?page_id=1646"},"modified":"2021-01-23T01:29:48","modified_gmt":"2021-01-22T22:29:48","slug":"gender-equality","status":"publish","type":"page","link":"https:\/\/arise-gateway.org\/de\/gender-equality\/","title":{"rendered":"Gleichberechtigung"},"content":{"rendered":"<div data-elementor-type=\"wp-page\" data-elementor-id=\"1646\" class=\"elementor elementor-1646\">\n\t\t\t\t\t\t<section class=\"elementor-section elementor-top-section elementor-element elementor-element-fa2aaca elementor-section-boxed elementor-section-height-default elementor-section-height-default\" data-id=\"fa2aaca\" data-element_type=\"section\" data-e-type=\"section\">\n\t\t\t\t\t\t\t<div class=\"elementor-background-overlay\"><\/div>\n\t\t\t\t\t\t\t<div class=\"elementor-container elementor-column-gap-default\">\n\t\t\t\t\t<div class=\"elementor-column elementor-col-100 elementor-top-column elementor-element elementor-element-54b8cab\" data-id=\"54b8cab\" data-element_type=\"column\" data-e-type=\"column\">\n\t\t\t<div class=\"elementor-widget-wrap elementor-element-populated\">\n\t\t\t\t\t\t<div class=\"elementor-element elementor-element-e1abfd4 elementor-widget elementor-widget-heading\" data-id=\"e1abfd4\" data-element_type=\"widget\" data-e-type=\"widget\" data-widget_type=\"heading.default\">\n\t\t\t\t<div class=\"elementor-widget-container\">\n\t\t\t\t\t<h1 class=\"elementor-heading-title elementor-size-default\">Gleichberechtigung<\/h1>\t\t\t\t<\/div>\n\t\t\t\t<\/div>\n\t\t\t\t<div class=\"elementor-element elementor-element-b8d407a elementor-widget elementor-widget-text-editor\" data-id=\"b8d407a\" data-element_type=\"widget\" data-e-type=\"widget\" data-widget_type=\"text-editor.default\">\n\t\t\t\t<div class=\"elementor-widget-container\">\n\t\t\t\t\t\t\t\t\t<p>Gleiche Chancen f\u00fcr Jungen und M\u00e4dchen helfen allen Kindern, ihr Potenzial zu entwickeln und nachhaltig eine bessere Zukunft aufzubauen.<\/p>\t\t\t\t\t\t\t\t<\/div>\n\t\t\t\t<\/div>\n\t\t\t\t\t<\/div>\n\t\t<\/div>\n\t\t\t\t\t<\/div>\n\t\t<\/section>\n\t\t\t\t<section class=\"elementor-section elementor-top-section elementor-element elementor-element-531c948 elementor-section-boxed elementor-section-height-default elementor-section-height-default\" data-id=\"531c948\" data-element_type=\"section\" data-e-type=\"section\">\n\t\t\t\t\t\t<div class=\"elementor-container elementor-column-gap-default\">\n\t\t\t\t\t<div class=\"elementor-column elementor-col-100 elementor-top-column elementor-element elementor-element-bbbf936\" data-id=\"bbbf936\" data-element_type=\"column\" data-e-type=\"column\">\n\t\t\t<div class=\"elementor-widget-wrap elementor-element-populated\">\n\t\t\t\t\t\t<div class=\"elementor-element elementor-element-51fae9a elementor-widget elementor-widget-heading\" data-id=\"51fae9a\" data-element_type=\"widget\" data-e-type=\"widget\" data-widget_type=\"heading.default\">\n\t\t\t\t<div class=\"elementor-widget-container\">\n\t\t\t\t\t<h2 class=\"elementor-heading-title elementor-size-default\">Wir f\u00f6rdern Menschen ohne jede Art der Diskriminierung <\/h2>\t\t\t\t<\/div>\n\t\t\t\t<\/div>\n\t\t\t\t<div class=\"elementor-element elementor-element-1b658ae elementor-widget-divider--view-line elementor-widget elementor-widget-divider\" data-id=\"1b658ae\" data-element_type=\"widget\" data-e-type=\"widget\" data-widget_type=\"divider.default\">\n\t\t\t\t<div class=\"elementor-widget-container\">\n\t\t\t\t\t\t\t<div class=\"elementor-divider\">\n\t\t\t<span class=\"elementor-divider-separator\">\n\t\t\t\t\t\t<\/span>\n\t\t<\/div>\n\t\t\t\t\t\t<\/div>\n\t\t\t\t<\/div>\n\t\t\t\t<section class=\"elementor-section elementor-inner-section elementor-element elementor-element-a62419d elementor-section-boxed elementor-section-height-default elementor-section-height-default\" data-id=\"a62419d\" data-element_type=\"section\" data-e-type=\"section\">\n\t\t\t\t\t\t<div class=\"elementor-container elementor-column-gap-default\">\n\t\t\t\t\t<div class=\"elementor-column elementor-col-100 elementor-inner-column elementor-element elementor-element-c95ecdb\" data-id=\"c95ecdb\" data-element_type=\"column\" data-e-type=\"column\">\n\t\t\t<div class=\"elementor-widget-wrap elementor-element-populated\">\n\t\t\t\t\t\t<div class=\"elementor-element elementor-element-e675a25 elementor-widget elementor-widget-image\" data-id=\"e675a25\" data-element_type=\"widget\" data-e-type=\"widget\" data-widget_type=\"image.default\">\n\t\t\t\t<div class=\"elementor-widget-container\">\n\t\t\t\t\t\t\t\t\t\t\t\t\t\t\t<img fetchpriority=\"high\" decoding=\"async\" width=\"1024\" height=\"789\" src=\"https:\/\/arise-gateway.org\/wp-content\/uploads\/2021\/01\/7241FAAC-BE31-4234-AC5A-5244FE305106_1_201_a-1024x789.jpeg\" class=\"attachment-large size-large wp-image-2516\" alt=\"\" srcset=\"https:\/\/arise-gateway.org\/wp-content\/uploads\/2021\/01\/7241FAAC-BE31-4234-AC5A-5244FE305106_1_201_a-1024x789.jpeg 1024w, https:\/\/arise-gateway.org\/wp-content\/uploads\/2021\/01\/7241FAAC-BE31-4234-AC5A-5244FE305106_1_201_a-360x277.jpeg 360w, https:\/\/arise-gateway.org\/wp-content\/uploads\/2021\/01\/7241FAAC-BE31-4234-AC5A-5244FE305106_1_201_a-768x592.jpeg 768w, https:\/\/arise-gateway.org\/wp-content\/uploads\/2021\/01\/7241FAAC-BE31-4234-AC5A-5244FE305106_1_201_a-1536x1184.jpeg 1536w, https:\/\/arise-gateway.org\/wp-content\/uploads\/2021\/01\/7241FAAC-BE31-4234-AC5A-5244FE305106_1_201_a-2048x1578.jpeg 2048w, https:\/\/arise-gateway.org\/wp-content\/uploads\/2021\/01\/7241FAAC-BE31-4234-AC5A-5244FE305106_1_201_a-16x12.jpeg 16w\" sizes=\"(max-width: 1024px) 100vw, 1024px\" \/>\t\t\t\t\t\t\t\t\t\t\t\t\t\t\t<\/div>\n\t\t\t\t<\/div>\n\t\t\t\t\t<\/div>\n\t\t<\/div>\n\t\t\t\t\t<\/div>\n\t\t<\/section>\n\t\t\t\t<section class=\"elementor-section elementor-inner-section elementor-element elementor-element-0f00934 elementor-section-boxed elementor-section-height-default elementor-section-height-default\" data-id=\"0f00934\" data-element_type=\"section\" data-e-type=\"section\">\n\t\t\t\t\t\t<div class=\"elementor-container elementor-column-gap-default\">\n\t\t\t\t\t<div class=\"elementor-column elementor-col-100 elementor-inner-column elementor-element elementor-element-e75209b\" data-id=\"e75209b\" data-element_type=\"column\" data-e-type=\"column\">\n\t\t\t<div class=\"elementor-widget-wrap elementor-element-populated\">\n\t\t\t\t\t\t<div class=\"elementor-element elementor-element-44cdc34 elementor-widget elementor-widget-text-editor\" data-id=\"44cdc34\" data-element_type=\"widget\" data-e-type=\"widget\" data-widget_type=\"text-editor.default\">\n\t\t\t\t<div class=\"elementor-widget-container\">\n\t\t\t\t\t\t\t\t\t<p>Weltweit gibt es unz\u00e4hlige M\u00e4dchen, vor allem in Entwicklungsl\u00e4ndern, die noch immer mit lebenslangen geschlechtsspezifischen Ungerechtigkeiten konfrontiert sind. Jungen und M\u00e4dchen die gleichen Chancen zu geben, ist der Kern unseres Arbeitsethos. Wir glauben an eine Welt, die sowohl von M\u00e4nnern, als auch von Frauen ohne jegliche Art der Diskriminierung gestaltet und aufgebaut wird. Obwohl die \u00dcbergangsverfassung und die Gesetzesvorlage des S\u00fcdsudan (2011) die Gleichstellung von M\u00e4nnern und Frauen garantieren, gibt es immer noch geschlechtsspezifische Ungerechtigkeiten in allen Lebensbereichen, sei es in Bildung, in der Politik oder bei der Entscheidungsfindung. Frauen werden vor allem aufgrund der vorherrschenden kulturellen Normen marginalisiert. Laut dem 5. Ziel der Vereinten Nationen f\u00fcr nachhaltige Entwicklung ist die St\u00e4rkung von Frauen und M\u00e4dchen von gro\u00dfer Bedeutung f\u00fcr eine nachhaltige Gesellschaft und hilft, wirtschaftliches Wachstum und Entwicklung zu f\u00f6rdern.<br \/>Unterst\u00fctzen Sie unsere Arbeit zur Gleichberechtigung, damit mehr M\u00e4dchen und Frauen ihr volles Potenzial aussch\u00f6pfen und eine aktive Rolle bei der Entwicklung ihrer lokalen Gmeinschaften \u00fcbernehmen k\u00f6nnen.<\/p>\t\t\t\t\t\t\t\t<\/div>\n\t\t\t\t<\/div>\n\t\t\t\t\t<\/div>\n\t\t<\/div>\n\t\t\t\t\t<\/div>\n\t\t<\/section>\n\t\t\t\t\t<\/div>\n\t\t<\/div>\n\t\t\t\t\t<\/div>\n\t\t<\/section>\n\t\t\t\t<\/div>","protected":false},"excerpt":{"rendered":"<p>gender equality Equal opportunities for both boys and girls help all children develop their potential and sustainably build a better future for all. We Empower People Without Any Discrimination There are countless girls worldwide, particularly in developing countries, who still face lifelong gender-based inequalities. Giving equal opportunities to both boys and girls is at the [&hellip;]<\/p>\n","protected":false},"author":1,"featured_media":0,"parent":0,"menu_order":0,"comment_status":"closed","ping_status":"closed","template":"","meta":{"_monsterinsights_skip_tracking":false,"_monsterinsights_sitenote_active":false,"_monsterinsights_sitenote_note":"","_monsterinsights_sitenote_category":0,"site-sidebar-layout":"no-sidebar","site-content-layout":"page-builder","ast-site-content-layout":"default","site-content-style":"default","site-sidebar-style":"default","ast-global-header-display":"","ast-banner-title-visibility":"","ast-main-header-display":"","ast-hfb-above-header-display":"","ast-hfb-below-header-display":"","ast-hfb-mobile-header-display":"","site-post-title":"disabled","ast-breadcrumbs-content":"","ast-featured-img":"disabled","footer-sml-layout":"","ast-disable-related-posts":"","theme-transparent-header-meta":"default","adv-header-id-meta":"","stick-header-meta":"","header-above-stick-meta":"","header-main-stick-meta":"","header-below-stick-meta":"","astra-migrate-meta-layouts":"default","ast-page-background-enabled":"default","ast-page-background-meta":{"desktop":{"background-color":"","background-image":"","background-repeat":"repeat","background-position":"center center","background-size":"auto","background-attachment":"scroll","background-type":"","background-media":"","overlay-type":"","overlay-color":"","overlay-opacity":"","overlay-gradient":""},"tablet":{"background-color":"","background-image":"","background-repeat":"repeat","background-position":"center center","background-size":"auto","background-attachment":"scroll","background-type":"","background-media":"","overlay-type":"","overlay-color":"","overlay-opacity":"","overlay-gradient":""},"mobile":{"background-color":"","background-image":"","background-repeat":"repeat","background-position":"center center","background-size":"auto","background-attachment":"scroll","background-type":"","background-media":"","overlay-type":"","overlay-color":"","overlay-opacity":"","overlay-gradient":""}},"ast-content-background-meta":{"desktop":{"background-color":"var(--ast-global-color-5)","background-image":"","background-repeat":"repeat","background-position":"center center","background-size":"auto","background-attachment":"scroll","background-type":"","background-media":"","overlay-type":"","overlay-color":"","overlay-opacity":"","overlay-gradient":""},"tablet":{"background-color":"var(--ast-global-color-5)","background-image":"","background-repeat":"repeat","background-position":"center center","background-size":"auto","background-attachment":"scroll","background-type":"","background-media":"","overlay-type":"","overlay-color":"","overlay-opacity":"","overlay-gradient":""},"mobile":{"background-color":"var(--ast-global-color-5)","background-image":"","background-repeat":"repeat","background-position":"center center","background-size":"auto","background-attachment":"scroll","background-type":"","background-media":"","overlay-type":"","overlay-color":"","overlay-opacity":"","overlay-gradient":""}},"footnotes":""},"class_list":["post-1646","page","type-page","status-publish","hentry"],"yoast_head":"<!-- This site is optimized with the Yoast SEO plugin v27.5 - https:\/\/yoast.com\/product\/yoast-seo-wordpress\/ -->\n<title>Gender Equality - Arise Gateway<\/title>\n<meta name=\"robots\" content=\"index, follow, max-snippet:-1, max-image-preview:large, max-video-preview:-1\" \/>\n<link rel=\"canonical\" href=\"https:\/\/arise-gateway.org\/de\/gender-equality\/\" \/>\n<meta property=\"og:locale\" content=\"de_DE\" \/>\n<meta property=\"og:type\" content=\"article\" \/>\n<meta property=\"og:title\" content=\"Gender Equality - Arise Gateway\" \/>\n<meta property=\"og:description\" content=\"gender equality Equal opportunities for both boys and girls help all children develop their potential and sustainably build a better future for all. We Empower People Without Any Discrimination There are countless girls worldwide, particularly in developing countries, who still face lifelong gender-based inequalities. Giving equal opportunities to both boys and girls is at the [&hellip;]\" \/>\n<meta property=\"og:url\" content=\"https:\/\/arise-gateway.org\/de\/gender-equality\/\" \/>\n<meta property=\"og:site_name\" content=\"Arise Gateway\" \/>\n<meta property=\"article:modified_time\" content=\"2021-01-22T22:29:48+00:00\" \/>\n<meta property=\"og:image\" content=\"https:\/\/arise-gateway.org\/wp-content\/uploads\/2021\/01\/7241FAAC-BE31-4234-AC5A-5244FE305106_1_201_a-1024x789.jpeg\" \/>\n<meta name=\"twitter:card\" content=\"summary_large_image\" \/>\n<meta name=\"twitter:label1\" content=\"Gesch\u00e4tzte Lesezeit\" \/>\n\t<meta name=\"twitter:data1\" content=\"1\u00a0Minute\" \/>\n<script type=\"application\/ld+json\" class=\"yoast-schema-graph\">{\"@context\":\"https:\\\/\\\/schema.org\",\"@graph\":[{\"@type\":\"WebPage\",\"@id\":\"https:\\\/\\\/arise-gateway.org\\\/gender-equality\\\/\",\"url\":\"https:\\\/\\\/arise-gateway.org\\\/gender-equality\\\/\",\"name\":\"Gender Equality - Arise Gateway\",\"isPartOf\":{\"@id\":\"https:\\\/\\\/arise-gateway.org\\\/de\\\/#website\"},\"primaryImageOfPage\":{\"@id\":\"https:\\\/\\\/arise-gateway.org\\\/gender-equality\\\/#primaryimage\"},\"image\":{\"@id\":\"https:\\\/\\\/arise-gateway.org\\\/gender-equality\\\/#primaryimage\"},\"thumbnailUrl\":\"https:\\\/\\\/arise-gateway.org\\\/wp-content\\\/uploads\\\/2021\\\/01\\\/7241FAAC-BE31-4234-AC5A-5244FE305106_1_201_a-1024x789.jpeg\",\"datePublished\":\"2020-11-12T20:45:35+00:00\",\"dateModified\":\"2021-01-22T22:29:48+00:00\",\"breadcrumb\":{\"@id\":\"https:\\\/\\\/arise-gateway.org\\\/gender-equality\\\/#breadcrumb\"},\"inLanguage\":\"de\",\"potentialAction\":[{\"@type\":\"ReadAction\",\"target\":[\"https:\\\/\\\/arise-gateway.org\\\/gender-equality\\\/\"]}]},{\"@type\":\"ImageObject\",\"inLanguage\":\"de\",\"@id\":\"https:\\\/\\\/arise-gateway.org\\\/gender-equality\\\/#primaryimage\",\"url\":\"https:\\\/\\\/arise-gateway.org\\\/wp-content\\\/uploads\\\/2021\\\/01\\\/7241FAAC-BE31-4234-AC5A-5244FE305106_1_201_a-1024x789.jpeg\",\"contentUrl\":\"https:\\\/\\\/arise-gateway.org\\\/wp-content\\\/uploads\\\/2021\\\/01\\\/7241FAAC-BE31-4234-AC5A-5244FE305106_1_201_a-1024x789.jpeg\"},{\"@type\":\"BreadcrumbList\",\"@id\":\"https:\\\/\\\/arise-gateway.org\\\/gender-equality\\\/#breadcrumb\",\"itemListElement\":[{\"@type\":\"ListItem\",\"position\":1,\"name\":\"Home\",\"item\":\"https:\\\/\\\/arise-gateway.org\\\/\"},{\"@type\":\"ListItem\",\"position\":2,\"name\":\"Gender Equality\"}]},{\"@type\":\"WebSite\",\"@id\":\"https:\\\/\\\/arise-gateway.org\\\/de\\\/#website\",\"url\":\"https:\\\/\\\/arise-gateway.org\\\/de\\\/\",\"name\":\"Arise Gateway\",\"description\":\"Empowering Communities\",\"publisher\":{\"@id\":\"https:\\\/\\\/arise-gateway.org\\\/de\\\/#organization\"},\"potentialAction\":[{\"@type\":\"SearchAction\",\"target\":{\"@type\":\"EntryPoint\",\"urlTemplate\":\"https:\\\/\\\/arise-gateway.org\\\/de\\\/?s={search_term_string}\"},\"query-input\":{\"@type\":\"PropertyValueSpecification\",\"valueRequired\":true,\"valueName\":\"search_term_string\"}}],\"inLanguage\":\"de\"},{\"@type\":\"Organization\",\"@id\":\"https:\\\/\\\/arise-gateway.org\\\/de\\\/#organization\",\"name\":\"Arise Gateway\",\"url\":\"https:\\\/\\\/arise-gateway.org\\\/de\\\/\",\"logo\":{\"@type\":\"ImageObject\",\"inLanguage\":\"de\",\"@id\":\"https:\\\/\\\/arise-gateway.org\\\/de\\\/#\\\/schema\\\/logo\\\/image\\\/\",\"url\":\"https:\\\/\\\/arise-gateway.org\\\/wp-content\\\/uploads\\\/2020\\\/10\\\/5935417C-26EC-4B17-878B-63854AFED0E1_4_5005_c.jpeg\",\"contentUrl\":\"https:\\\/\\\/arise-gateway.org\\\/wp-content\\\/uploads\\\/2020\\\/10\\\/5935417C-26EC-4B17-878B-63854AFED0E1_4_5005_c.jpeg\",\"width\":500,\"height\":157,\"caption\":\"Arise Gateway\"},\"image\":{\"@id\":\"https:\\\/\\\/arise-gateway.org\\\/de\\\/#\\\/schema\\\/logo\\\/image\\\/\"}}]}<\/script>\n<!-- \/ Yoast SEO plugin. -->","yoast_head_json":{"title":"Gender Equality - Arise Gateway","robots":{"index":"index","follow":"follow","max-snippet":"max-snippet:-1","max-image-preview":"max-image-preview:large","max-video-preview":"max-video-preview:-1"},"canonical":"https:\/\/arise-gateway.org\/de\/gender-equality\/","og_locale":"de_DE","og_type":"article","og_title":"Gender Equality - Arise Gateway","og_description":"gender equality Equal opportunities for both boys and girls help all children develop their potential and sustainably build a better future for all. We Empower People Without Any Discrimination There are countless girls worldwide, particularly in developing countries, who still face lifelong gender-based inequalities. Giving equal opportunities to both boys and girls is at the [&hellip;]","og_url":"https:\/\/arise-gateway.org\/de\/gender-equality\/","og_site_name":"Arise Gateway","article_modified_time":"2021-01-22T22:29:48+00:00","og_image":[{"url":"https:\/\/arise-gateway.org\/wp-content\/uploads\/2021\/01\/7241FAAC-BE31-4234-AC5A-5244FE305106_1_201_a-1024x789.jpeg","type":"","width":"","height":""}],"twitter_card":"summary_large_image","twitter_misc":{"Gesch\u00e4tzte Lesezeit":"1\u00a0Minute"},"schema":{"@context":"https:\/\/schema.org","@graph":[{"@type":"WebPage","@id":"https:\/\/arise-gateway.org\/gender-equality\/","url":"https:\/\/arise-gateway.org\/gender-equality\/","name":"Gender Equality - Arise Gateway","isPartOf":{"@id":"https:\/\/arise-gateway.org\/de\/#website"},"primaryImageOfPage":{"@id":"https:\/\/arise-gateway.org\/gender-equality\/#primaryimage"},"image":{"@id":"https:\/\/arise-gateway.org\/gender-equality\/#primaryimage"},"thumbnailUrl":"https:\/\/arise-gateway.org\/wp-content\/uploads\/2021\/01\/7241FAAC-BE31-4234-AC5A-5244FE305106_1_201_a-1024x789.jpeg","datePublished":"2020-11-12T20:45:35+00:00","dateModified":"2021-01-22T22:29:48+00:00","breadcrumb":{"@id":"https:\/\/arise-gateway.org\/gender-equality\/#breadcrumb"},"inLanguage":"de","potentialAction":[{"@type":"ReadAction","target":["https:\/\/arise-gateway.org\/gender-equality\/"]}]},{"@type":"ImageObject","inLanguage":"de","@id":"https:\/\/arise-gateway.org\/gender-equality\/#primaryimage","url":"https:\/\/arise-gateway.org\/wp-content\/uploads\/2021\/01\/7241FAAC-BE31-4234-AC5A-5244FE305106_1_201_a-1024x789.jpeg","contentUrl":"https:\/\/arise-gateway.org\/wp-content\/uploads\/2021\/01\/7241FAAC-BE31-4234-AC5A-5244FE305106_1_201_a-1024x789.jpeg"},{"@type":"BreadcrumbList","@id":"https:\/\/arise-gateway.org\/gender-equality\/#breadcrumb","itemListElement":[{"@type":"ListItem","position":1,"name":"Home","item":"https:\/\/arise-gateway.org\/"},{"@type":"ListItem","position":2,"name":"Gender Equality"}]},{"@type":"WebSite","@id":"https:\/\/arise-gateway.org\/de\/#website","url":"https:\/\/arise-gateway.org\/de\/","name":"Arise Gateway ist eine nationale Nichtregierungsorganisation (NNGO), die seit 2018 benachteiligten Gemeinden im gesamten S\u00fcdsudan hilft. Wir setzen uns daf\u00fcr ein, Menschen zu st\u00e4rken, indem wir lokalen Gemeinden Zugang zu den Instrumenten und Ressourcen verschaffen, die sie f\u00fcr eine nachhaltige Entwicklung und Wachstum ben\u00f6tigen.\n\nUnsere Arbeit konzentriert sich auf die F\u00f6rderung der Bildung benachteiligter Kinder, die Vergabe von Stipendien an Sch\u00fcler und Studenten, die Schulung lokaler Landwirte und die Vermittlung grundlegender F\u00e4higkeiten, damit die Menschen ihr Potenzial voll aussch\u00f6pfen k\u00f6nnen. Geleitet von einem gemeinschaftsorientierten Ansatz arbeiten wir eng mit lokalen Gemeinschaften zusammen, um nachhaltige L\u00f6sungen f\u00fcr lokale Herausforderungen zu entwickeln und umzusetzen \u2013 damit die Entwicklung nicht nur wirkungsvoll, sondern auch nachhaltig ist.","description":"Empowering Communities","publisher":{"@id":"https:\/\/arise-gateway.org\/de\/#organization"},"potentialAction":[{"@type":"SearchAction","target":{"@type":"EntryPoint","urlTemplate":"https:\/\/arise-gateway.org\/de\/?s={search_term_string}"},"query-input":{"@type":"PropertyValueSpecification","valueRequired":true,"valueName":"search_term_string"}}],"inLanguage":"de"},{"@type":"Organization","@id":"https:\/\/arise-gateway.org\/de\/#organization","name":"Arise Gateway ist eine nationale Nichtregierungsorganisation (NNGO), die seit 2018 benachteiligten Gemeinden im gesamten S\u00fcdsudan hilft. Wir setzen uns daf\u00fcr ein, Menschen zu st\u00e4rken, indem wir lokalen Gemeinden Zugang zu den Instrumenten und Ressourcen verschaffen, die sie f\u00fcr eine nachhaltige Entwicklung und Wachstum ben\u00f6tigen.\n\nUnsere Arbeit konzentriert sich auf die F\u00f6rderung der Bildung benachteiligter Kinder, die Vergabe von Stipendien an Sch\u00fcler und Studenten, die Schulung lokaler Landwirte und die Vermittlung grundlegender F\u00e4higkeiten, damit die Menschen ihr Potenzial voll aussch\u00f6pfen k\u00f6nnen. Geleitet von einem gemeinschaftsorientierten Ansatz arbeiten wir eng mit lokalen Gemeinschaften zusammen, um nachhaltige L\u00f6sungen f\u00fcr lokale Herausforderungen zu entwickeln und umzusetzen \u2013 damit die Entwicklung nicht nur wirkungsvoll, sondern auch nachhaltig ist.","url":"https:\/\/arise-gateway.org\/de\/","logo":{"@type":"ImageObject","inLanguage":"de","@id":"https:\/\/arise-gateway.org\/de\/#\/schema\/logo\/image\/","url":"https:\/\/arise-gateway.org\/wp-content\/uploads\/2020\/10\/5935417C-26EC-4B17-878B-63854AFED0E1_4_5005_c.jpeg","contentUrl":"https:\/\/arise-gateway.org\/wp-content\/uploads\/2020\/10\/5935417C-26EC-4B17-878B-63854AFED0E1_4_5005_c.jpeg","width":500,"height":157,"caption":"Arise Gateway"},"image":{"@id":"https:\/\/arise-gateway.org\/de\/#\/schema\/logo\/image\/"}}]}},"_links":{"self":[{"href":"https:\/\/arise-gateway.org\/de\/wp-json\/wp\/v2\/pages\/1646","targetHints":{"allow":["GET"]}}],"collection":[{"href":"https:\/\/arise-gateway.org\/de\/wp-json\/wp\/v2\/pages"}],"about":[{"href":"https:\/\/arise-gateway.org\/de\/wp-json\/wp\/v2\/types\/page"}],"author":[{"embeddable":true,"href":"https:\/\/arise-gateway.org\/de\/wp-json\/wp\/v2\/users\/1"}],"replies":[{"embeddable":true,"href":"https:\/\/arise-gateway.org\/de\/wp-json\/wp\/v2\/comments?post=1646"}],"version-history":[{"count":43,"href":"https:\/\/arise-gateway.org\/de\/wp-json\/wp\/v2\/pages\/1646\/revisions"}],"predecessor-version":[{"id":2759,"href":"https:\/\/arise-gateway.org\/de\/wp-json\/wp\/v2\/pages\/1646\/revisions\/2759"}],"wp:attachment":[{"href":"https:\/\/arise-gateway.org\/de\/wp-json\/wp\/v2\/media?parent=1646"}],"curies":[{"name":"wp","href":"https:\/\/api.w.org\/{rel}","templated":true}]}}