{"id":1640,"date":"2020-11-12T23:41:53","date_gmt":"2020-11-12T20:41:53","guid":{"rendered":"https:\/\/arise-gateway.org\/?page_id=1640"},"modified":"2021-01-23T01:25:11","modified_gmt":"2021-01-22T22:25:11","slug":"economic-empowerment","status":"publish","type":"page","link":"https:\/\/arise-gateway.org\/de\/economic-empowerment\/","title":{"rendered":"Wirtschaftliche St\u00e4rkung"},"content":{"rendered":"<div data-elementor-type=\"wp-page\" data-elementor-id=\"1640\" class=\"elementor elementor-1640\">\n\t\t\t\t\t\t<section class=\"elementor-section elementor-top-section elementor-element elementor-element-fa2aaca elementor-section-boxed elementor-section-height-default elementor-section-height-default\" data-id=\"fa2aaca\" data-element_type=\"section\">\n\t\t\t\t\t\t\t<div class=\"elementor-background-overlay\"><\/div>\n\t\t\t\t\t\t\t<div class=\"elementor-container elementor-column-gap-default\">\n\t\t\t\t\t<div class=\"elementor-column elementor-col-100 elementor-top-column elementor-element elementor-element-54b8cab\" data-id=\"54b8cab\" data-element_type=\"column\">\n\t\t\t<div class=\"elementor-widget-wrap elementor-element-populated\">\n\t\t\t\t\t\t<div class=\"elementor-element elementor-element-c3fcc1c elementor-widget elementor-widget-heading\" data-id=\"c3fcc1c\" data-element_type=\"widget\" data-widget_type=\"heading.default\">\n\t\t\t\t<div class=\"elementor-widget-container\">\n\t\t\t\t\t<h1 class=\"elementor-heading-title elementor-size-default\">wirtschaftliche Erm\u00e4chtigung<\/h1>\t\t\t\t<\/div>\n\t\t\t\t<\/div>\n\t\t\t\t<div class=\"elementor-element elementor-element-b8d407a elementor-widget elementor-widget-text-editor\" data-id=\"b8d407a\" data-element_type=\"widget\" data-widget_type=\"text-editor.default\">\n\t\t\t\t<div class=\"elementor-widget-container\">\n\t\t\t\t\t\t\t\t\t<p>In dieser kritischen Zeit im S\u00fcdsudan ist es wichtig, in Dienstleistungen zur wirtschaftlichen St\u00e4rkung zu investieren. Diese bietet einen Weg zur Beseitigung der Armut, zu inklusivem Wirtschaftswachstum und zur Gelichberechtigung.<\/p>\t\t\t\t\t\t\t\t<\/div>\n\t\t\t\t<\/div>\n\t\t\t\t\t<\/div>\n\t\t<\/div>\n\t\t\t\t\t<\/div>\n\t\t<\/section>\n\t\t\t\t<section class=\"elementor-section elementor-top-section elementor-element elementor-element-531c948 elementor-section-boxed elementor-section-height-default elementor-section-height-default\" data-id=\"531c948\" data-element_type=\"section\">\n\t\t\t\t\t\t<div class=\"elementor-container elementor-column-gap-default\">\n\t\t\t\t\t<div class=\"elementor-column elementor-col-100 elementor-top-column elementor-element elementor-element-bbbf936\" data-id=\"bbbf936\" data-element_type=\"column\">\n\t\t\t<div class=\"elementor-widget-wrap elementor-element-populated\">\n\t\t\t\t\t\t<div class=\"elementor-element elementor-element-51fae9a elementor-widget elementor-widget-heading\" data-id=\"51fae9a\" data-element_type=\"widget\" data-widget_type=\"heading.default\">\n\t\t\t\t<div class=\"elementor-widget-container\">\n\t\t\t\t\t<h2 class=\"elementor-heading-title elementor-size-default\">Wie k\u00f6nnen Sie helfen?<\/h2>\t\t\t\t<\/div>\n\t\t\t\t<\/div>\n\t\t\t\t<div class=\"elementor-element elementor-element-1b658ae elementor-widget-divider--view-line elementor-widget elementor-widget-divider\" data-id=\"1b658ae\" data-element_type=\"widget\" data-widget_type=\"divider.default\">\n\t\t\t\t<div class=\"elementor-widget-container\">\n\t\t\t\t\t\t\t<div class=\"elementor-divider\">\n\t\t\t<span class=\"elementor-divider-separator\">\n\t\t\t\t\t\t<\/span>\n\t\t<\/div>\n\t\t\t\t\t\t<\/div>\n\t\t\t\t<\/div>\n\t\t\t\t<section class=\"elementor-section elementor-inner-section elementor-element elementor-element-a62419d elementor-section-boxed elementor-section-height-default elementor-section-height-default\" data-id=\"a62419d\" data-element_type=\"section\">\n\t\t\t\t\t\t<div class=\"elementor-container elementor-column-gap-default\">\n\t\t\t\t\t<div class=\"elementor-column elementor-col-50 elementor-inner-column elementor-element elementor-element-c95ecdb\" data-id=\"c95ecdb\" data-element_type=\"column\">\n\t\t\t<div class=\"elementor-widget-wrap elementor-element-populated\">\n\t\t\t\t\t\t<div class=\"elementor-element elementor-element-e675a25 elementor-widget elementor-widget-image\" data-id=\"e675a25\" data-element_type=\"widget\" data-widget_type=\"image.default\">\n\t\t\t\t<div class=\"elementor-widget-container\">\n\t\t\t\t\t\t\t\t\t\t\t\t\t\t\t<img fetchpriority=\"high\" decoding=\"async\" width=\"1024\" height=\"585\" src=\"https:\/\/arise-gateway.org\/wp-content\/uploads\/2020\/12\/Black-and-Blue-Simple-Developer-Business-Card-1024x585.png\" class=\"attachment-large size-large wp-image-1970\" alt=\"\" srcset=\"https:\/\/arise-gateway.org\/wp-content\/uploads\/2020\/12\/Black-and-Blue-Simple-Developer-Business-Card-1024x585.png 1024w, https:\/\/arise-gateway.org\/wp-content\/uploads\/2020\/12\/Black-and-Blue-Simple-Developer-Business-Card-360x206.png 360w, https:\/\/arise-gateway.org\/wp-content\/uploads\/2020\/12\/Black-and-Blue-Simple-Developer-Business-Card-768x439.png 768w, https:\/\/arise-gateway.org\/wp-content\/uploads\/2020\/12\/Black-and-Blue-Simple-Developer-Business-Card-16x9.png 16w, https:\/\/arise-gateway.org\/wp-content\/uploads\/2020\/12\/Black-and-Blue-Simple-Developer-Business-Card.png 1050w\" sizes=\"(max-width: 1024px) 100vw, 1024px\" \/>\t\t\t\t\t\t\t\t\t\t\t\t\t\t\t<\/div>\n\t\t\t\t<\/div>\n\t\t\t\t\t<\/div>\n\t\t<\/div>\n\t\t\t\t<div class=\"elementor-column elementor-col-50 elementor-inner-column elementor-element elementor-element-b291021\" data-id=\"b291021\" data-element_type=\"column\">\n\t\t\t<div class=\"elementor-widget-wrap elementor-element-populated\">\n\t\t\t\t\t\t<div class=\"elementor-element elementor-element-0d23277 elementor-widget elementor-widget-heading\" data-id=\"0d23277\" data-element_type=\"widget\" data-widget_type=\"heading.default\">\n\t\t\t\t<div class=\"elementor-widget-container\">\n\t\t\t\t\t<h2 class=\"elementor-heading-title elementor-size-default\">Gesch\u00e4ftsausbau<\/h2>\t\t\t\t<\/div>\n\t\t\t\t<\/div>\n\t\t\t\t<div class=\"elementor-element elementor-element-63b7d11 elementor-widget elementor-widget-text-editor\" data-id=\"63b7d11\" data-element_type=\"widget\" data-widget_type=\"text-editor.default\">\n\t\t\t\t<div class=\"elementor-widget-container\">\n\t\t\t\t\t\t\t\t\t<p>Wir sind uns bewusst, dass die Bed\u00fcrfnisse der Dorfgemeinschaft jeden Tag gr\u00f6\u00dfer und umfangreicher werden. Angesichts dieser neuen Realit\u00e4t, identifizieren wir M\u00f6glichkeiten f\u00fcr soziale Unternehmen und entwickeln einen Rahmen, der sowohl den lokalen Dorfgemeinschaften zugutekommt, als auch die finanzielle Nachhaltigkeit der Organisation erh\u00f6ht.\u00a0<\/p>\t\t\t\t\t\t\t\t<\/div>\n\t\t\t\t<\/div>\n\t\t\t\t\t<\/div>\n\t\t<\/div>\n\t\t\t\t\t<\/div>\n\t\t<\/section>\n\t\t\t\t<section class=\"elementor-section elementor-inner-section elementor-element elementor-element-0f00934 elementor-section-boxed elementor-section-height-default elementor-section-height-default\" data-id=\"0f00934\" data-element_type=\"section\">\n\t\t\t\t\t\t<div class=\"elementor-container elementor-column-gap-default\">\n\t\t\t\t\t<div class=\"elementor-column elementor-col-50 elementor-inner-column elementor-element elementor-element-e75209b\" data-id=\"e75209b\" data-element_type=\"column\">\n\t\t\t<div class=\"elementor-widget-wrap elementor-element-populated\">\n\t\t\t\t\t\t<div class=\"elementor-element elementor-element-026ee5f elementor-widget elementor-widget-heading\" data-id=\"026ee5f\" data-element_type=\"widget\" data-widget_type=\"heading.default\">\n\t\t\t\t<div class=\"elementor-widget-container\">\n\t\t\t\t\t<h2 class=\"elementor-heading-title elementor-size-default\">Business Training<\/h2>\t\t\t\t<\/div>\n\t\t\t\t<\/div>\n\t\t\t\t<div class=\"elementor-element elementor-element-44cdc34 elementor-widget elementor-widget-text-editor\" data-id=\"44cdc34\" data-element_type=\"widget\" data-widget_type=\"text-editor.default\">\n\t\t\t\t<div class=\"elementor-widget-container\">\n\t\t\t\t\t\t\t\t\t<p>Wir bieten den benachteiligten Menschen im S\u00fcdsudan ein unternehmerisches Training an. Konkret schulen wir junge Menschen darin, Gesch\u00e4ftsm\u00f6glichkeiten zu erkennen, einen Gesch\u00e4ftsplan zu entwickeln und ihre Finanzen zu verwalten. Das \u00fcbergeordnete Ziel ist es, aufstrebenden jungen Menschen zu helfen, kleine Unternehmen zu gr\u00fcnden, um ihre finanzielle Position zu st\u00e4rken und selbst\u00e4ndig zu werden. Ihre Unterst\u00fctzung kann helfen, die ben\u00f6tigten Schulungsmaterialien zu finanzieren und sie wird auch das Leben der bed\u00fcrftigen Menschen ver\u00e4ndern. Wir sind nur ein kleines Team auf einer Mission, seien Sie ein Teil davon!<\/p>\t\t\t\t\t\t\t\t<\/div>\n\t\t\t\t<\/div>\n\t\t\t\t\t<\/div>\n\t\t<\/div>\n\t\t\t\t<div class=\"elementor-column elementor-col-50 elementor-inner-column elementor-element elementor-element-22b071c\" data-id=\"22b071c\" data-element_type=\"column\">\n\t\t\t<div class=\"elementor-widget-wrap elementor-element-populated\">\n\t\t\t\t\t\t<div class=\"elementor-element elementor-element-1d5f786 elementor-absolute elementor-widget elementor-widget-image\" data-id=\"1d5f786\" data-element_type=\"widget\" data-settings=\"{&quot;_position&quot;:&quot;absolute&quot;}\" data-widget_type=\"image.default\">\n\t\t\t\t<div class=\"elementor-widget-container\">\n\t\t\t\t\t\t\t\t\t\t\t\t\t\t\t<img decoding=\"async\" width=\"1024\" height=\"768\" src=\"https:\/\/arise-gateway.org\/wp-content\/uploads\/2020\/10\/IMG_3699-1024x768.jpg\" class=\"attachment-large size-large wp-image-1228\" alt=\"\" srcset=\"https:\/\/arise-gateway.org\/wp-content\/uploads\/2020\/10\/IMG_3699-1024x768.jpg 1024w, https:\/\/arise-gateway.org\/wp-content\/uploads\/2020\/10\/IMG_3699-360x270.jpg 360w, https:\/\/arise-gateway.org\/wp-content\/uploads\/2020\/10\/IMG_3699-768x576.jpg 768w, https:\/\/arise-gateway.org\/wp-content\/uploads\/2020\/10\/IMG_3699-1536x1152.jpg 1536w, https:\/\/arise-gateway.org\/wp-content\/uploads\/2020\/10\/IMG_3699-2048x1536.jpg 2048w\" sizes=\"(max-width: 1024px) 100vw, 1024px\" \/>\t\t\t\t\t\t\t\t\t\t\t\t\t\t\t<\/div>\n\t\t\t\t<\/div>\n\t\t\t\t\t<\/div>\n\t\t<\/div>\n\t\t\t\t\t<\/div>\n\t\t<\/section>\n\t\t\t\t\t<\/div>\n\t\t<\/div>\n\t\t\t\t\t<\/div>\n\t\t<\/section>\n\t\t\t\t<section class=\"elementor-section elementor-top-section elementor-element elementor-element-5ba63cb elementor-section-boxed elementor-section-height-default elementor-section-height-default\" data-id=\"5ba63cb\" data-element_type=\"section\">\n\t\t\t\t\t\t<div class=\"elementor-container elementor-column-gap-default\">\n\t\t\t\t\t<div class=\"elementor-column elementor-col-100 elementor-top-column elementor-element elementor-element-c71e551\" data-id=\"c71e551\" data-element_type=\"column\">\n\t\t\t<div class=\"elementor-widget-wrap elementor-element-populated\">\n\t\t\t\t\t\t<div class=\"elementor-element elementor-element-fbfdbec elementor-widget elementor-widget-text-editor\" data-id=\"fbfdbec\" data-element_type=\"widget\" data-widget_type=\"text-editor.default\">\n\t\t\t\t<div class=\"elementor-widget-container\">\n\t\t\t\t\t\t\t\t\t<p>Werden Sie Freiwilliger | Spenden Sie f\u00fcr den S\u00fcdsudan<\/p>\t\t\t\t\t\t\t\t<\/div>\n\t\t\t\t<\/div>\n\t\t\t\t\t<\/div>\n\t\t<\/div>\n\t\t\t\t\t<\/div>\n\t\t<\/section>\n\t\t\t\t<\/div>","protected":false},"excerpt":{"rendered":"<p>economic empowerment At this crucial time in South Sudan, it&#8217;s critical to invest in economic empowerment services that set a path towards eradicating poverty, inclusive economic growth, and gender equality. How can you help? Business Development We recognize the fact that community needs are growing in size and scope every day. In the face of [&hellip;]<\/p>","protected":false},"author":1,"featured_media":0,"parent":0,"menu_order":0,"comment_status":"closed","ping_status":"closed","template":"","meta":{"_monsterinsights_skip_tracking":false,"_monsterinsights_sitenote_active":false,"_monsterinsights_sitenote_note":"","_monsterinsights_sitenote_category":0,"site-sidebar-layout":"no-sidebar","site-content-layout":"page-builder","ast-site-content-layout":"default","site-content-style":"default","site-sidebar-style":"default","ast-global-header-display":"","ast-banner-title-visibility":"","ast-main-header-display":"","ast-hfb-above-header-display":"","ast-hfb-below-header-display":"","ast-hfb-mobile-header-display":"","site-post-title":"disabled","ast-breadcrumbs-content":"","ast-featured-img":"disabled","footer-sml-layout":"","theme-transparent-header-meta":"default","adv-header-id-meta":"","stick-header-meta":"","header-above-stick-meta":"","header-main-stick-meta":"","header-below-stick-meta":"","astra-migrate-meta-layouts":"default","ast-page-background-enabled":"default","ast-page-background-meta":{"desktop":{"background-color":"","background-image":"","background-repeat":"repeat","background-position":"center center","background-size":"auto","background-attachment":"scroll","background-type":"","background-media":"","overlay-type":"","overlay-color":"","overlay-opacity":"","overlay-gradient":""},"tablet":{"background-color":"","background-image":"","background-repeat":"repeat","background-position":"center center","background-size":"auto","background-attachment":"scroll","background-type":"","background-media":"","overlay-type":"","overlay-color":"","overlay-opacity":"","overlay-gradient":""},"mobile":{"background-color":"","background-image":"","background-repeat":"repeat","background-position":"center center","background-size":"auto","background-attachment":"scroll","background-type":"","background-media":"","overlay-type":"","overlay-color":"","overlay-opacity":"","overlay-gradient":""}},"ast-content-background-meta":{"desktop":{"background-color":"var(--ast-global-color-5)","background-image":"","background-repeat":"repeat","background-position":"center center","background-size":"auto","background-attachment":"scroll","background-type":"","background-media":"","overlay-type":"","overlay-color":"","overlay-opacity":"","overlay-gradient":""},"tablet":{"background-color":"var(--ast-global-color-5)","background-image":"","background-repeat":"repeat","background-position":"center center","background-size":"auto","background-attachment":"scroll","background-type":"","background-media":"","overlay-type":"","overlay-color":"","overlay-opacity":"","overlay-gradient":""},"mobile":{"background-color":"var(--ast-global-color-5)","background-image":"","background-repeat":"repeat","background-position":"center center","background-size":"auto","background-attachment":"scroll","background-type":"","background-media":"","overlay-type":"","overlay-color":"","overlay-opacity":"","overlay-gradient":""}},"footnotes":""},"class_list":["post-1640","page","type-page","status-publish","hentry"],"yoast_head":"<!-- This site is optimized with the Yoast SEO plugin v26.3 - https:\/\/yoast.com\/wordpress\/plugins\/seo\/ -->\n<title>Economic Empowerment - Arise Gateway<\/title>\n<meta name=\"robots\" content=\"index, follow, max-snippet:-1, max-image-preview:large, max-video-preview:-1\" \/>\n<link rel=\"canonical\" href=\"https:\/\/arise-gateway.org\/de\/economic-empowerment\/\" \/>\n<meta property=\"og:locale\" content=\"de_DE\" \/>\n<meta property=\"og:type\" content=\"article\" \/>\n<meta property=\"og:title\" content=\"Economic Empowerment - Arise Gateway\" \/>\n<meta property=\"og:description\" content=\"economic empowerment At this crucial time in South Sudan, it&#8217;s critical to invest in economic empowerment services that set a path towards eradicating poverty, inclusive economic growth, and gender equality. How can you help? Business Development We recognize the fact that community needs are growing in size and scope every day. In the face of [&hellip;]\" \/>\n<meta property=\"og:url\" content=\"https:\/\/arise-gateway.org\/de\/economic-empowerment\/\" \/>\n<meta property=\"og:site_name\" content=\"Arise Gateway\" \/>\n<meta property=\"article:modified_time\" content=\"2021-01-22T22:25:11+00:00\" \/>\n<meta property=\"og:image\" content=\"https:\/\/arise-gateway.org\/wp-content\/uploads\/2020\/12\/Black-and-Blue-Simple-Developer-Business-Card-1024x585.png\" \/>\n<meta name=\"twitter:card\" content=\"summary_large_image\" \/>\n<meta name=\"twitter:label1\" content=\"Gesch\u00e4tzte Lesezeit\" \/>\n\t<meta name=\"twitter:data1\" content=\"1\u00a0Minute\" \/>\n<script type=\"application\/ld+json\" class=\"yoast-schema-graph\">{\"@context\":\"https:\/\/schema.org\",\"@graph\":[{\"@type\":\"WebPage\",\"@id\":\"https:\/\/arise-gateway.org\/economic-empowerment\/\",\"url\":\"https:\/\/arise-gateway.org\/economic-empowerment\/\",\"name\":\"Economic Empowerment - Arise Gateway\",\"isPartOf\":{\"@id\":\"https:\/\/arise-gateway.org\/de\/#website\"},\"primaryImageOfPage\":{\"@id\":\"https:\/\/arise-gateway.org\/economic-empowerment\/#primaryimage\"},\"image\":{\"@id\":\"https:\/\/arise-gateway.org\/economic-empowerment\/#primaryimage\"},\"thumbnailUrl\":\"https:\/\/arise-gateway.org\/wp-content\/uploads\/2020\/12\/Black-and-Blue-Simple-Developer-Business-Card-1024x585.png\",\"datePublished\":\"2020-11-12T20:41:53+00:00\",\"dateModified\":\"2021-01-22T22:25:11+00:00\",\"breadcrumb\":{\"@id\":\"https:\/\/arise-gateway.org\/economic-empowerment\/#breadcrumb\"},\"inLanguage\":\"de\",\"potentialAction\":[{\"@type\":\"ReadAction\",\"target\":[\"https:\/\/arise-gateway.org\/economic-empowerment\/\"]}]},{\"@type\":\"ImageObject\",\"inLanguage\":\"de\",\"@id\":\"https:\/\/arise-gateway.org\/economic-empowerment\/#primaryimage\",\"url\":\"https:\/\/arise-gateway.org\/wp-content\/uploads\/2020\/12\/Black-and-Blue-Simple-Developer-Business-Card-1024x585.png\",\"contentUrl\":\"https:\/\/arise-gateway.org\/wp-content\/uploads\/2020\/12\/Black-and-Blue-Simple-Developer-Business-Card-1024x585.png\"},{\"@type\":\"BreadcrumbList\",\"@id\":\"https:\/\/arise-gateway.org\/economic-empowerment\/#breadcrumb\",\"itemListElement\":[{\"@type\":\"ListItem\",\"position\":1,\"name\":\"Home\",\"item\":\"https:\/\/arise-gateway.org\/\"},{\"@type\":\"ListItem\",\"position\":2,\"name\":\"Economic Empowerment\"}]},{\"@type\":\"WebSite\",\"@id\":\"https:\/\/arise-gateway.org\/de\/#website\",\"url\":\"https:\/\/arise-gateway.org\/de\/\",\"name\":\"Arise Gateway\",\"description\":\"Empowering Communities\",\"publisher\":{\"@id\":\"https:\/\/arise-gateway.org\/de\/#organization\"},\"potentialAction\":[{\"@type\":\"SearchAction\",\"target\":{\"@type\":\"EntryPoint\",\"urlTemplate\":\"https:\/\/arise-gateway.org\/de\/?s={search_term_string}\"},\"query-input\":{\"@type\":\"PropertyValueSpecification\",\"valueRequired\":true,\"valueName\":\"search_term_string\"}}],\"inLanguage\":\"de\"},{\"@type\":\"Organization\",\"@id\":\"https:\/\/arise-gateway.org\/de\/#organization\",\"name\":\"Arise Gateway\",\"url\":\"https:\/\/arise-gateway.org\/de\/\",\"logo\":{\"@type\":\"ImageObject\",\"inLanguage\":\"de\",\"@id\":\"https:\/\/arise-gateway.org\/de\/#\/schema\/logo\/image\/\",\"url\":\"https:\/\/arise-gateway.org\/wp-content\/uploads\/2020\/10\/5935417C-26EC-4B17-878B-63854AFED0E1_4_5005_c.jpeg\",\"contentUrl\":\"https:\/\/arise-gateway.org\/wp-content\/uploads\/2020\/10\/5935417C-26EC-4B17-878B-63854AFED0E1_4_5005_c.jpeg\",\"width\":500,\"height\":157,\"caption\":\"Arise Gateway\"},\"image\":{\"@id\":\"https:\/\/arise-gateway.org\/de\/#\/schema\/logo\/image\/\"}}]}<\/script>\n<!-- \/ Yoast SEO plugin. -->","yoast_head_json":{"title":"Economic Empowerment - Arise Gateway","robots":{"index":"index","follow":"follow","max-snippet":"max-snippet:-1","max-image-preview":"max-image-preview:large","max-video-preview":"max-video-preview:-1"},"canonical":"https:\/\/arise-gateway.org\/de\/economic-empowerment\/","og_locale":"de_DE","og_type":"article","og_title":"Economic Empowerment - Arise Gateway","og_description":"economic empowerment At this crucial time in South Sudan, it&#8217;s critical to invest in economic empowerment services that set a path towards eradicating poverty, inclusive economic growth, and gender equality. How can you help? Business Development We recognize the fact that community needs are growing in size and scope every day. In the face of [&hellip;]","og_url":"https:\/\/arise-gateway.org\/de\/economic-empowerment\/","og_site_name":"Arise Gateway","article_modified_time":"2021-01-22T22:25:11+00:00","og_image":[{"url":"https:\/\/arise-gateway.org\/wp-content\/uploads\/2020\/12\/Black-and-Blue-Simple-Developer-Business-Card-1024x585.png","type":"","width":"","height":""}],"twitter_card":"summary_large_image","twitter_misc":{"Gesch\u00e4tzte Lesezeit":"1\u00a0Minute"},"schema":{"@context":"https:\/\/schema.org","@graph":[{"@type":"WebPage","@id":"https:\/\/arise-gateway.org\/economic-empowerment\/","url":"https:\/\/arise-gateway.org\/economic-empowerment\/","name":"Economic Empowerment - Arise Gateway","isPartOf":{"@id":"https:\/\/arise-gateway.org\/de\/#website"},"primaryImageOfPage":{"@id":"https:\/\/arise-gateway.org\/economic-empowerment\/#primaryimage"},"image":{"@id":"https:\/\/arise-gateway.org\/economic-empowerment\/#primaryimage"},"thumbnailUrl":"https:\/\/arise-gateway.org\/wp-content\/uploads\/2020\/12\/Black-and-Blue-Simple-Developer-Business-Card-1024x585.png","datePublished":"2020-11-12T20:41:53+00:00","dateModified":"2021-01-22T22:25:11+00:00","breadcrumb":{"@id":"https:\/\/arise-gateway.org\/economic-empowerment\/#breadcrumb"},"inLanguage":"de","potentialAction":[{"@type":"ReadAction","target":["https:\/\/arise-gateway.org\/economic-empowerment\/"]}]},{"@type":"ImageObject","inLanguage":"de","@id":"https:\/\/arise-gateway.org\/economic-empowerment\/#primaryimage","url":"https:\/\/arise-gateway.org\/wp-content\/uploads\/2020\/12\/Black-and-Blue-Simple-Developer-Business-Card-1024x585.png","contentUrl":"https:\/\/arise-gateway.org\/wp-content\/uploads\/2020\/12\/Black-and-Blue-Simple-Developer-Business-Card-1024x585.png"},{"@type":"BreadcrumbList","@id":"https:\/\/arise-gateway.org\/economic-empowerment\/#breadcrumb","itemListElement":[{"@type":"ListItem","position":1,"name":"Home","item":"https:\/\/arise-gateway.org\/"},{"@type":"ListItem","position":2,"name":"Economic Empowerment"}]},{"@type":"WebSite","@id":"https:\/\/arise-gateway.org\/de\/#website","url":"https:\/\/arise-gateway.org\/de\/","name":"Arise Gateway ist eine nationale Nichtregierungsorganisation (NNGO), die seit 2018 benachteiligten Gemeinden im gesamten S\u00fcdsudan hilft. Wir setzen uns daf\u00fcr ein, Menschen zu st\u00e4rken, indem wir lokalen Gemeinden Zugang zu den Instrumenten und Ressourcen verschaffen, die sie f\u00fcr eine nachhaltige Entwicklung und Wachstum ben\u00f6tigen.\n\nUnsere Arbeit konzentriert sich auf die F\u00f6rderung der Bildung benachteiligter Kinder, die Vergabe von Stipendien an Sch\u00fcler und Studenten, die Schulung lokaler Landwirte und die Vermittlung grundlegender F\u00e4higkeiten, damit die Menschen ihr Potenzial voll aussch\u00f6pfen k\u00f6nnen. Geleitet von einem gemeinschaftsorientierten Ansatz arbeiten wir eng mit lokalen Gemeinschaften zusammen, um nachhaltige L\u00f6sungen f\u00fcr lokale Herausforderungen zu entwickeln und umzusetzen \u2013 damit die Entwicklung nicht nur wirkungsvoll, sondern auch nachhaltig ist.","description":"Empowering Communities","publisher":{"@id":"https:\/\/arise-gateway.org\/de\/#organization"},"potentialAction":[{"@type":"SearchAction","target":{"@type":"EntryPoint","urlTemplate":"https:\/\/arise-gateway.org\/de\/?s={search_term_string}"},"query-input":{"@type":"PropertyValueSpecification","valueRequired":true,"valueName":"search_term_string"}}],"inLanguage":"de"},{"@type":"Organization","@id":"https:\/\/arise-gateway.org\/de\/#organization","name":"Arise Gateway ist eine nationale Nichtregierungsorganisation (NNGO), die seit 2018 benachteiligten Gemeinden im gesamten S\u00fcdsudan hilft. Wir setzen uns daf\u00fcr ein, Menschen zu st\u00e4rken, indem wir lokalen Gemeinden Zugang zu den Instrumenten und Ressourcen verschaffen, die sie f\u00fcr eine nachhaltige Entwicklung und Wachstum ben\u00f6tigen.\n\nUnsere Arbeit konzentriert sich auf die F\u00f6rderung der Bildung benachteiligter Kinder, die Vergabe von Stipendien an Sch\u00fcler und Studenten, die Schulung lokaler Landwirte und die Vermittlung grundlegender F\u00e4higkeiten, damit die Menschen ihr Potenzial voll aussch\u00f6pfen k\u00f6nnen. Geleitet von einem gemeinschaftsorientierten Ansatz arbeiten wir eng mit lokalen Gemeinschaften zusammen, um nachhaltige L\u00f6sungen f\u00fcr lokale Herausforderungen zu entwickeln und umzusetzen \u2013 damit die Entwicklung nicht nur wirkungsvoll, sondern auch nachhaltig ist.","url":"https:\/\/arise-gateway.org\/de\/","logo":{"@type":"ImageObject","inLanguage":"de","@id":"https:\/\/arise-gateway.org\/de\/#\/schema\/logo\/image\/","url":"https:\/\/arise-gateway.org\/wp-content\/uploads\/2020\/10\/5935417C-26EC-4B17-878B-63854AFED0E1_4_5005_c.jpeg","contentUrl":"https:\/\/arise-gateway.org\/wp-content\/uploads\/2020\/10\/5935417C-26EC-4B17-878B-63854AFED0E1_4_5005_c.jpeg","width":500,"height":157,"caption":"Arise Gateway"},"image":{"@id":"https:\/\/arise-gateway.org\/de\/#\/schema\/logo\/image\/"}}]}},"_links":{"self":[{"href":"https:\/\/arise-gateway.org\/de\/wp-json\/wp\/v2\/pages\/1640","targetHints":{"allow":["GET"]}}],"collection":[{"href":"https:\/\/arise-gateway.org\/de\/wp-json\/wp\/v2\/pages"}],"about":[{"href":"https:\/\/arise-gateway.org\/de\/wp-json\/wp\/v2\/types\/page"}],"author":[{"embeddable":true,"href":"https:\/\/arise-gateway.org\/de\/wp-json\/wp\/v2\/users\/1"}],"replies":[{"embeddable":true,"href":"https:\/\/arise-gateway.org\/de\/wp-json\/wp\/v2\/comments?post=1640"}],"version-history":[{"count":41,"href":"https:\/\/arise-gateway.org\/de\/wp-json\/wp\/v2\/pages\/1640\/revisions"}],"predecessor-version":[{"id":2818,"href":"https:\/\/arise-gateway.org\/de\/wp-json\/wp\/v2\/pages\/1640\/revisions\/2818"}],"wp:attachment":[{"href":"https:\/\/arise-gateway.org\/de\/wp-json\/wp\/v2\/media?parent=1640"}],"curies":[{"name":"wp","href":"https:\/\/api.w.org\/{rel}","templated":true}]}}