{"id":1631,"date":"2020-11-12T23:38:59","date_gmt":"2020-11-12T20:38:59","guid":{"rendered":"https:\/\/arise-gateway.org\/?page_id=1631"},"modified":"2022-01-06T12:36:45","modified_gmt":"2022-01-06T10:36:45","slug":"agricultural","status":"publish","type":"page","link":"https:\/\/arise-gateway.org\/de\/agricultural\/","title":{"rendered":"Beratung in der Landwirtschaft"},"content":{"rendered":"<div data-elementor-type=\"wp-page\" data-elementor-id=\"1631\" class=\"elementor elementor-1631\">\n\t\t\t\t\t\t<section class=\"elementor-section elementor-top-section elementor-element elementor-element-fa2aaca elementor-section-boxed elementor-section-height-default elementor-section-height-default\" data-id=\"fa2aaca\" data-element_type=\"section\" data-e-type=\"section\">\n\t\t\t\t\t\t\t<div class=\"elementor-background-overlay\"><\/div>\n\t\t\t\t\t\t\t<div class=\"elementor-container elementor-column-gap-default\">\n\t\t\t\t\t<div class=\"elementor-column elementor-col-100 elementor-top-column elementor-element elementor-element-54b8cab\" data-id=\"54b8cab\" data-element_type=\"column\" data-e-type=\"column\">\n\t\t\t<div class=\"elementor-widget-wrap elementor-element-populated\">\n\t\t\t\t\t\t<div class=\"elementor-element elementor-element-90a0c2c elementor-widget elementor-widget-heading\" data-id=\"90a0c2c\" data-element_type=\"widget\" data-e-type=\"widget\" data-widget_type=\"heading.default\">\n\t\t\t\t<div class=\"elementor-widget-container\">\n\t\t\t\t\t<h1 class=\"elementor-heading-title elementor-size-default\">Beratung in der Landwirtschaft<\/h1>\t\t\t\t<\/div>\n\t\t\t\t<\/div>\n\t\t\t\t<div class=\"elementor-element elementor-element-b8d407a elementor-widget elementor-widget-text-editor\" data-id=\"b8d407a\" data-element_type=\"widget\" data-e-type=\"widget\" data-widget_type=\"text-editor.default\">\n\t\t\t\t<div class=\"elementor-widget-container\">\n\t\t\t\t\t\t\t\t\t<p>Armut zu beenden beginnt mit Landwirtschaft! Die Landwirtschaft gilt als das R\u00fcckgrat der s\u00fcdsudanesischen Wirtschaft. Das \u00dcberleben von 80% der Bev\u00f6lkerung, die in l\u00e4ndlichen Gebieten lebt, ist von ihr abh\u00e4ngig. Aber die Landwirtschaft brach im Laufe des etwa sechs Jahre dauernden B\u00fcrgerkriegs zusammen, was zu landesweiten Hungersn\u00f6ten f\u00fchrte. Der momentane \u201erelative Frieden\u201c bietet jedoch die M\u00f6glichkeit, bed\u00fcrftige und verarmte Familien, die ihre Landwirtschaft ausschlie\u00dflich zu ihrer eigenen Versorgung betreiben, mit den richtigen F\u00e4higkeiten auszustatten, ihre Produktion zu verbessern - sowohl qualitativ als auch quantitativ - , um ihnen eine nachhaltige Lebensgrundlage zu schaffen.<\/p>\t\t\t\t\t\t\t\t<\/div>\n\t\t\t\t<\/div>\n\t\t\t\t\t<\/div>\n\t\t<\/div>\n\t\t\t\t\t<\/div>\n\t\t<\/section>\n\t\t\t\t<section class=\"elementor-section elementor-top-section elementor-element elementor-element-531c948 elementor-section-boxed elementor-section-height-default elementor-section-height-default\" data-id=\"531c948\" data-element_type=\"section\" data-e-type=\"section\">\n\t\t\t\t\t\t<div class=\"elementor-container elementor-column-gap-default\">\n\t\t\t\t\t<div class=\"elementor-column elementor-col-100 elementor-top-column elementor-element elementor-element-bbbf936\" data-id=\"bbbf936\" data-element_type=\"column\" data-e-type=\"column\">\n\t\t\t<div class=\"elementor-widget-wrap elementor-element-populated\">\n\t\t\t\t\t\t<div class=\"elementor-element elementor-element-51fae9a elementor-widget elementor-widget-heading\" data-id=\"51fae9a\" data-element_type=\"widget\" data-e-type=\"widget\" data-widget_type=\"heading.default\">\n\t\t\t\t<div class=\"elementor-widget-container\">\n\t\t\t\t\t<h2 class=\"elementor-heading-title elementor-size-default\">Wie k\u00f6nnen Sie helfen?<\/h2>\t\t\t\t<\/div>\n\t\t\t\t<\/div>\n\t\t\t\t<div class=\"elementor-element elementor-element-1b658ae elementor-widget-divider--view-line elementor-widget elementor-widget-divider\" data-id=\"1b658ae\" data-element_type=\"widget\" data-e-type=\"widget\" data-widget_type=\"divider.default\">\n\t\t\t\t<div class=\"elementor-widget-container\">\n\t\t\t\t\t\t\t<div class=\"elementor-divider\">\n\t\t\t<span class=\"elementor-divider-separator\">\n\t\t\t\t\t\t<\/span>\n\t\t<\/div>\n\t\t\t\t\t\t<\/div>\n\t\t\t\t<\/div>\n\t\t\t\t<section class=\"elementor-section elementor-inner-section elementor-element elementor-element-a62419d elementor-section-boxed elementor-section-height-default elementor-section-height-default\" data-id=\"a62419d\" data-element_type=\"section\" data-e-type=\"section\">\n\t\t\t\t\t\t<div class=\"elementor-container elementor-column-gap-default\">\n\t\t\t\t\t<div class=\"elementor-column elementor-col-50 elementor-inner-column elementor-element elementor-element-c95ecdb\" data-id=\"c95ecdb\" data-element_type=\"column\" data-e-type=\"column\">\n\t\t\t<div class=\"elementor-widget-wrap elementor-element-populated\">\n\t\t\t\t\t\t<div class=\"elementor-element elementor-element-e675a25 elementor-widget elementor-widget-image\" data-id=\"e675a25\" data-element_type=\"widget\" data-e-type=\"widget\" data-widget_type=\"image.default\">\n\t\t\t\t<div class=\"elementor-widget-container\">\n\t\t\t\t\t\t\t\t\t\t\t\t\t\t\t<img decoding=\"async\" src=\"https:\/\/arise-gateway.org\/wp-content\/uploads\/elementor\/thumbs\/4130b38c-c3d8-4c88-8d3d-dfe7eccdd365-2-pilzy76uk65251v9cvjasjrgae356ft8yjj5cjoyo8.jpg\" title=\"4130b38c-c3d8-4c88-8d3d-dfe7eccdd365 2\" alt=\"4130b38c-c3d8-4c88-8d3d-dfe7eccdd365 2\" loading=\"lazy\" \/>\t\t\t\t\t\t\t\t\t\t\t\t\t\t\t<\/div>\n\t\t\t\t<\/div>\n\t\t\t\t\t<\/div>\n\t\t<\/div>\n\t\t\t\t<div class=\"elementor-column elementor-col-50 elementor-inner-column elementor-element elementor-element-b291021\" data-id=\"b291021\" data-element_type=\"column\" data-e-type=\"column\">\n\t\t\t<div class=\"elementor-widget-wrap elementor-element-populated\">\n\t\t\t\t\t\t<div class=\"elementor-element elementor-element-0d23277 elementor-widget elementor-widget-heading\" data-id=\"0d23277\" data-element_type=\"widget\" data-e-type=\"widget\" data-widget_type=\"heading.default\">\n\t\t\t\t<div class=\"elementor-widget-container\">\n\t\t\t\t\t<h2 class=\"elementor-heading-title elementor-size-default\">Schulung lokaler Landwirte<\/h2>\t\t\t\t<\/div>\n\t\t\t\t<\/div>\n\t\t\t\t<div class=\"elementor-element elementor-element-63b7d11 elementor-widget elementor-widget-text-editor\" data-id=\"63b7d11\" data-element_type=\"widget\" data-e-type=\"widget\" data-widget_type=\"text-editor.default\">\n\t\t\t\t<div class=\"elementor-widget-container\">\n\t\t\t\t\t\t\t\t\t<p>Wir bringen lokale Landwirte im S\u00fcdsudan zusammen und bieten ihnen eine landwirtschaftliche Ausbildung und Schulung an, damit sie neue Kenntnisse und F\u00e4higkeiten erwerben, um ihre Anbaumethoden zu verbessern und damit auch ihre Lebensgrundlage.<\/p><p>Unsere Trainingsprogramme sind so gestaltet, dass sie die lokalen Bedingungen widerspiegeln, um armen Bauern zu helfen, wieder auf die Beine zu kommen. Ihre Unterst\u00fctzung kann den Landwirten vor Ort helfen, Zugang zu den notwendigen Werkzeugen, Saatgut und Fertigkeiten zu erhalten und ihnen erm\u00f6glichen, nach diesem verheerenden Krieg ihr Leben neu zu beginnen.<\/p><p>Unterst\u00fctzen Sie unsere Initiative f\u00fcr nachhaltige Landwirtschaft, um die Ern\u00e4hrungsunsicherheit im S\u00fcdsudan zu verringern.<\/p>\t\t\t\t\t\t\t\t<\/div>\n\t\t\t\t<\/div>\n\t\t\t\t\t<\/div>\n\t\t<\/div>\n\t\t\t\t\t<\/div>\n\t\t<\/section>\n\t\t\t\t<section class=\"elementor-section elementor-inner-section elementor-element elementor-element-0f00934 elementor-section-boxed elementor-section-height-default elementor-section-height-default\" data-id=\"0f00934\" data-element_type=\"section\" data-e-type=\"section\">\n\t\t\t\t\t\t<div class=\"elementor-container elementor-column-gap-default\">\n\t\t\t\t\t<div class=\"elementor-column elementor-col-50 elementor-inner-column elementor-element elementor-element-e75209b\" data-id=\"e75209b\" data-element_type=\"column\" data-e-type=\"column\">\n\t\t\t<div class=\"elementor-widget-wrap elementor-element-populated\">\n\t\t\t\t\t\t<div class=\"elementor-element elementor-element-026ee5f elementor-widget elementor-widget-heading\" data-id=\"026ee5f\" data-element_type=\"widget\" data-e-type=\"widget\" data-widget_type=\"heading.default\">\n\t\t\t\t<div class=\"elementor-widget-container\">\n\t\t\t\t\t<h2 class=\"elementor-heading-title elementor-size-default\">Aufbau einer landwirtschaftlichen Modellfarm<\/h2>\t\t\t\t<\/div>\n\t\t\t\t<\/div>\n\t\t\t\t<div class=\"elementor-element elementor-element-44cdc34 elementor-widget elementor-widget-text-editor\" data-id=\"44cdc34\" data-element_type=\"widget\" data-e-type=\"widget\" data-widget_type=\"text-editor.default\">\n\t\t\t\t<div class=\"elementor-widget-container\">\n\t\t\t\t\t\t\t\t\t<p>Wir bieten landwirtschaftliche Ausbildung und Training an, aber wir betreiben auch praktische Landwirtschaft, um lokales Einkommen f\u00fcr unsere Projekte zu generieren und die Ern\u00e4hrungsunsicherheit zu bek\u00e4mpfen. Unsere landwirtschaftlichen Trainings dienen als Modell f\u00fcr lokale Bauern, um die Prinzipien der nachhaltigen Landwirtschaft zu beobachten, zu lernen und durchzuf\u00fchren, um ihr Wohlergehen zu verbessern.<\/p>\t\t\t\t\t\t\t\t<\/div>\n\t\t\t\t<\/div>\n\t\t\t\t\t<\/div>\n\t\t<\/div>\n\t\t\t\t<div class=\"elementor-column elementor-col-50 elementor-inner-column elementor-element elementor-element-22b071c\" data-id=\"22b071c\" data-element_type=\"column\" data-e-type=\"column\">\n\t\t\t<div class=\"elementor-widget-wrap elementor-element-populated\">\n\t\t\t\t\t\t<div class=\"elementor-element elementor-element-1d5f786 elementor-widget elementor-widget-image\" data-id=\"1d5f786\" data-element_type=\"widget\" data-e-type=\"widget\" data-widget_type=\"image.default\">\n\t\t\t\t<div class=\"elementor-widget-container\">\n\t\t\t\t\t\t\t\t\t\t\t\t\t\t\t<img fetchpriority=\"high\" decoding=\"async\" width=\"2560\" height=\"1467\" src=\"https:\/\/arise-gateway.org\/wp-content\/uploads\/2020\/12\/3D6036E7-D18E-4832-93B2-0C752B3C90E0_1_201_a-scaled.jpeg\" class=\"attachment-full size-full wp-image-2161\" alt=\"\" srcset=\"https:\/\/arise-gateway.org\/wp-content\/uploads\/2020\/12\/3D6036E7-D18E-4832-93B2-0C752B3C90E0_1_201_a-scaled.jpeg 2560w, https:\/\/arise-gateway.org\/wp-content\/uploads\/2020\/12\/3D6036E7-D18E-4832-93B2-0C752B3C90E0_1_201_a-360x206.jpeg 360w, https:\/\/arise-gateway.org\/wp-content\/uploads\/2020\/12\/3D6036E7-D18E-4832-93B2-0C752B3C90E0_1_201_a-1024x587.jpeg 1024w, https:\/\/arise-gateway.org\/wp-content\/uploads\/2020\/12\/3D6036E7-D18E-4832-93B2-0C752B3C90E0_1_201_a-768x440.jpeg 768w, https:\/\/arise-gateway.org\/wp-content\/uploads\/2020\/12\/3D6036E7-D18E-4832-93B2-0C752B3C90E0_1_201_a-1536x880.jpeg 1536w, https:\/\/arise-gateway.org\/wp-content\/uploads\/2020\/12\/3D6036E7-D18E-4832-93B2-0C752B3C90E0_1_201_a-2048x1174.jpeg 2048w, https:\/\/arise-gateway.org\/wp-content\/uploads\/2020\/12\/3D6036E7-D18E-4832-93B2-0C752B3C90E0_1_201_a-16x9.jpeg 16w\" sizes=\"(max-width: 2560px) 100vw, 2560px\" \/>\t\t\t\t\t\t\t\t\t\t\t\t\t\t\t<\/div>\n\t\t\t\t<\/div>\n\t\t\t\t\t<\/div>\n\t\t<\/div>\n\t\t\t\t\t<\/div>\n\t\t<\/section>\n\t\t\t\t\t<\/div>\n\t\t<\/div>\n\t\t\t\t\t<\/div>\n\t\t<\/section>\n\t\t\t\t<\/div>","protected":false},"excerpt":{"rendered":"<p>agricultural Services Ending poverty begins with agriculture! Agriculture is considered the backbone of South Sudan\u2019s economy, in which over 80 percent of the population who live in rural areas depend on it for survival. But the agricultural sector has been ravaged by the conflict that lasted for about six years, and it has resulted in [&hellip;]<\/p>\n","protected":false},"author":1,"featured_media":0,"parent":0,"menu_order":0,"comment_status":"closed","ping_status":"closed","template":"","meta":{"_monsterinsights_skip_tracking":false,"_monsterinsights_sitenote_active":false,"_monsterinsights_sitenote_note":"","_monsterinsights_sitenote_category":0,"site-sidebar-layout":"no-sidebar","site-content-layout":"page-builder","ast-site-content-layout":"default","site-content-style":"default","site-sidebar-style":"default","ast-global-header-display":"","ast-banner-title-visibility":"","ast-main-header-display":"","ast-hfb-above-header-display":"","ast-hfb-below-header-display":"","ast-hfb-mobile-header-display":"","site-post-title":"disabled","ast-breadcrumbs-content":"","ast-featured-img":"disabled","footer-sml-layout":"","ast-disable-related-posts":"","theme-transparent-header-meta":"default","adv-header-id-meta":"","stick-header-meta":"","header-above-stick-meta":"","header-main-stick-meta":"","header-below-stick-meta":"","astra-migrate-meta-layouts":"default","ast-page-background-enabled":"default","ast-page-background-meta":{"desktop":{"background-color":"","background-image":"","background-repeat":"repeat","background-position":"center center","background-size":"auto","background-attachment":"scroll","background-type":"","background-media":"","overlay-type":"","overlay-color":"","overlay-opacity":"","overlay-gradient":""},"tablet":{"background-color":"","background-image":"","background-repeat":"repeat","background-position":"center center","background-size":"auto","background-attachment":"scroll","background-type":"","background-media":"","overlay-type":"","overlay-color":"","overlay-opacity":"","overlay-gradient":""},"mobile":{"background-color":"","background-image":"","background-repeat":"repeat","background-position":"center center","background-size":"auto","background-attachment":"scroll","background-type":"","background-media":"","overlay-type":"","overlay-color":"","overlay-opacity":"","overlay-gradient":""}},"ast-content-background-meta":{"desktop":{"background-color":"var(--ast-global-color-5)","background-image":"","background-repeat":"repeat","background-position":"center center","background-size":"auto","background-attachment":"scroll","background-type":"","background-media":"","overlay-type":"","overlay-color":"","overlay-opacity":"","overlay-gradient":""},"tablet":{"background-color":"var(--ast-global-color-5)","background-image":"","background-repeat":"repeat","background-position":"center center","background-size":"auto","background-attachment":"scroll","background-type":"","background-media":"","overlay-type":"","overlay-color":"","overlay-opacity":"","overlay-gradient":""},"mobile":{"background-color":"var(--ast-global-color-5)","background-image":"","background-repeat":"repeat","background-position":"center center","background-size":"auto","background-attachment":"scroll","background-type":"","background-media":"","overlay-type":"","overlay-color":"","overlay-opacity":"","overlay-gradient":""}},"footnotes":""},"class_list":["post-1631","page","type-page","status-publish","hentry"],"yoast_head":"<!-- This site is optimized with the Yoast SEO plugin v27.5 - https:\/\/yoast.com\/product\/yoast-seo-wordpress\/ -->\n<title>Agricultural - Arise Gateway<\/title>\n<meta name=\"robots\" content=\"index, follow, max-snippet:-1, max-image-preview:large, max-video-preview:-1\" \/>\n<link rel=\"canonical\" href=\"https:\/\/arise-gateway.org\/de\/agricultural\/\" \/>\n<meta property=\"og:locale\" content=\"de_DE\" \/>\n<meta property=\"og:type\" content=\"article\" \/>\n<meta property=\"og:title\" content=\"Agricultural - Arise Gateway\" \/>\n<meta property=\"og:description\" content=\"agricultural Services Ending poverty begins with agriculture! Agriculture is considered the backbone of South Sudan\u2019s economy, in which over 80 percent of the population who live in rural areas depend on it for survival. But the agricultural sector has been ravaged by the conflict that lasted for about six years, and it has resulted in [&hellip;]\" \/>\n<meta property=\"og:url\" content=\"https:\/\/arise-gateway.org\/de\/agricultural\/\" \/>\n<meta property=\"og:site_name\" content=\"Arise Gateway\" \/>\n<meta property=\"article:modified_time\" content=\"2022-01-06T10:36:45+00:00\" \/>\n<meta property=\"og:image\" content=\"https:\/\/arise-gateway.org\/wp-content\/uploads\/elementor\/thumbs\/4130b38c-c3d8-4c88-8d3d-dfe7eccdd365-2-pilzy76uk65251v9cvjasjrgae356ft8yjj5cbcw7c.jpg\" \/>\n<meta name=\"twitter:card\" content=\"summary_large_image\" \/>\n<meta name=\"twitter:label1\" content=\"Gesch\u00e4tzte Lesezeit\" \/>\n\t<meta name=\"twitter:data1\" content=\"2\u00a0Minuten\" \/>\n<script type=\"application\/ld+json\" class=\"yoast-schema-graph\">{\"@context\":\"https:\\\/\\\/schema.org\",\"@graph\":[{\"@type\":\"WebPage\",\"@id\":\"https:\\\/\\\/arise-gateway.org\\\/agricultural\\\/\",\"url\":\"https:\\\/\\\/arise-gateway.org\\\/agricultural\\\/\",\"name\":\"Agricultural - Arise Gateway\",\"isPartOf\":{\"@id\":\"https:\\\/\\\/arise-gateway.org\\\/de\\\/#website\"},\"primaryImageOfPage\":{\"@id\":\"https:\\\/\\\/arise-gateway.org\\\/agricultural\\\/#primaryimage\"},\"image\":{\"@id\":\"https:\\\/\\\/arise-gateway.org\\\/agricultural\\\/#primaryimage\"},\"thumbnailUrl\":\"https:\\\/\\\/arise-gateway.org\\\/wp-content\\\/uploads\\\/elementor\\\/thumbs\\\/4130b38c-c3d8-4c88-8d3d-dfe7eccdd365-2-pilzy76uk65251v9cvjasjrgae356ft8yjj5cbcw7c.jpg\",\"datePublished\":\"2020-11-12T20:38:59+00:00\",\"dateModified\":\"2022-01-06T10:36:45+00:00\",\"breadcrumb\":{\"@id\":\"https:\\\/\\\/arise-gateway.org\\\/agricultural\\\/#breadcrumb\"},\"inLanguage\":\"de\",\"potentialAction\":[{\"@type\":\"ReadAction\",\"target\":[\"https:\\\/\\\/arise-gateway.org\\\/agricultural\\\/\"]}]},{\"@type\":\"ImageObject\",\"inLanguage\":\"de\",\"@id\":\"https:\\\/\\\/arise-gateway.org\\\/agricultural\\\/#primaryimage\",\"url\":\"https:\\\/\\\/arise-gateway.org\\\/wp-content\\\/uploads\\\/elementor\\\/thumbs\\\/4130b38c-c3d8-4c88-8d3d-dfe7eccdd365-2-pilzy76uk65251v9cvjasjrgae356ft8yjj5cbcw7c.jpg\",\"contentUrl\":\"https:\\\/\\\/arise-gateway.org\\\/wp-content\\\/uploads\\\/elementor\\\/thumbs\\\/4130b38c-c3d8-4c88-8d3d-dfe7eccdd365-2-pilzy76uk65251v9cvjasjrgae356ft8yjj5cbcw7c.jpg\"},{\"@type\":\"BreadcrumbList\",\"@id\":\"https:\\\/\\\/arise-gateway.org\\\/agricultural\\\/#breadcrumb\",\"itemListElement\":[{\"@type\":\"ListItem\",\"position\":1,\"name\":\"Home\",\"item\":\"https:\\\/\\\/arise-gateway.org\\\/\"},{\"@type\":\"ListItem\",\"position\":2,\"name\":\"Agricultural\"}]},{\"@type\":\"WebSite\",\"@id\":\"https:\\\/\\\/arise-gateway.org\\\/de\\\/#website\",\"url\":\"https:\\\/\\\/arise-gateway.org\\\/de\\\/\",\"name\":\"Arise Gateway\",\"description\":\"Empowering Communities\",\"publisher\":{\"@id\":\"https:\\\/\\\/arise-gateway.org\\\/de\\\/#organization\"},\"potentialAction\":[{\"@type\":\"SearchAction\",\"target\":{\"@type\":\"EntryPoint\",\"urlTemplate\":\"https:\\\/\\\/arise-gateway.org\\\/de\\\/?s={search_term_string}\"},\"query-input\":{\"@type\":\"PropertyValueSpecification\",\"valueRequired\":true,\"valueName\":\"search_term_string\"}}],\"inLanguage\":\"de\"},{\"@type\":\"Organization\",\"@id\":\"https:\\\/\\\/arise-gateway.org\\\/de\\\/#organization\",\"name\":\"Arise Gateway\",\"url\":\"https:\\\/\\\/arise-gateway.org\\\/de\\\/\",\"logo\":{\"@type\":\"ImageObject\",\"inLanguage\":\"de\",\"@id\":\"https:\\\/\\\/arise-gateway.org\\\/de\\\/#\\\/schema\\\/logo\\\/image\\\/\",\"url\":\"https:\\\/\\\/arise-gateway.org\\\/wp-content\\\/uploads\\\/2020\\\/10\\\/5935417C-26EC-4B17-878B-63854AFED0E1_4_5005_c.jpeg\",\"contentUrl\":\"https:\\\/\\\/arise-gateway.org\\\/wp-content\\\/uploads\\\/2020\\\/10\\\/5935417C-26EC-4B17-878B-63854AFED0E1_4_5005_c.jpeg\",\"width\":500,\"height\":157,\"caption\":\"Arise Gateway\"},\"image\":{\"@id\":\"https:\\\/\\\/arise-gateway.org\\\/de\\\/#\\\/schema\\\/logo\\\/image\\\/\"}}]}<\/script>\n<!-- \/ Yoast SEO plugin. -->","yoast_head_json":{"title":"Agricultural - Arise Gateway","robots":{"index":"index","follow":"follow","max-snippet":"max-snippet:-1","max-image-preview":"max-image-preview:large","max-video-preview":"max-video-preview:-1"},"canonical":"https:\/\/arise-gateway.org\/de\/agricultural\/","og_locale":"de_DE","og_type":"article","og_title":"Agricultural - Arise Gateway","og_description":"agricultural Services Ending poverty begins with agriculture! Agriculture is considered the backbone of South Sudan\u2019s economy, in which over 80 percent of the population who live in rural areas depend on it for survival. But the agricultural sector has been ravaged by the conflict that lasted for about six years, and it has resulted in [&hellip;]","og_url":"https:\/\/arise-gateway.org\/de\/agricultural\/","og_site_name":"Arise Gateway","article_modified_time":"2022-01-06T10:36:45+00:00","og_image":[{"url":"https:\/\/arise-gateway.org\/wp-content\/uploads\/elementor\/thumbs\/4130b38c-c3d8-4c88-8d3d-dfe7eccdd365-2-pilzy76uk65251v9cvjasjrgae356ft8yjj5cbcw7c.jpg","type":"","width":"","height":""}],"twitter_card":"summary_large_image","twitter_misc":{"Gesch\u00e4tzte Lesezeit":"2\u00a0Minuten"},"schema":{"@context":"https:\/\/schema.org","@graph":[{"@type":"WebPage","@id":"https:\/\/arise-gateway.org\/agricultural\/","url":"https:\/\/arise-gateway.org\/agricultural\/","name":"Agricultural - Arise Gateway","isPartOf":{"@id":"https:\/\/arise-gateway.org\/de\/#website"},"primaryImageOfPage":{"@id":"https:\/\/arise-gateway.org\/agricultural\/#primaryimage"},"image":{"@id":"https:\/\/arise-gateway.org\/agricultural\/#primaryimage"},"thumbnailUrl":"https:\/\/arise-gateway.org\/wp-content\/uploads\/elementor\/thumbs\/4130b38c-c3d8-4c88-8d3d-dfe7eccdd365-2-pilzy76uk65251v9cvjasjrgae356ft8yjj5cbcw7c.jpg","datePublished":"2020-11-12T20:38:59+00:00","dateModified":"2022-01-06T10:36:45+00:00","breadcrumb":{"@id":"https:\/\/arise-gateway.org\/agricultural\/#breadcrumb"},"inLanguage":"de","potentialAction":[{"@type":"ReadAction","target":["https:\/\/arise-gateway.org\/agricultural\/"]}]},{"@type":"ImageObject","inLanguage":"de","@id":"https:\/\/arise-gateway.org\/agricultural\/#primaryimage","url":"https:\/\/arise-gateway.org\/wp-content\/uploads\/elementor\/thumbs\/4130b38c-c3d8-4c88-8d3d-dfe7eccdd365-2-pilzy76uk65251v9cvjasjrgae356ft8yjj5cbcw7c.jpg","contentUrl":"https:\/\/arise-gateway.org\/wp-content\/uploads\/elementor\/thumbs\/4130b38c-c3d8-4c88-8d3d-dfe7eccdd365-2-pilzy76uk65251v9cvjasjrgae356ft8yjj5cbcw7c.jpg"},{"@type":"BreadcrumbList","@id":"https:\/\/arise-gateway.org\/agricultural\/#breadcrumb","itemListElement":[{"@type":"ListItem","position":1,"name":"Home","item":"https:\/\/arise-gateway.org\/"},{"@type":"ListItem","position":2,"name":"Agricultural"}]},{"@type":"WebSite","@id":"https:\/\/arise-gateway.org\/de\/#website","url":"https:\/\/arise-gateway.org\/de\/","name":"Arise Gateway ist eine nationale Nichtregierungsorganisation (NNGO), die seit 2018 benachteiligten Gemeinden im gesamten S\u00fcdsudan hilft. Wir setzen uns daf\u00fcr ein, Menschen zu st\u00e4rken, indem wir lokalen Gemeinden Zugang zu den Instrumenten und Ressourcen verschaffen, die sie f\u00fcr eine nachhaltige Entwicklung und Wachstum ben\u00f6tigen.\n\nUnsere Arbeit konzentriert sich auf die F\u00f6rderung der Bildung benachteiligter Kinder, die Vergabe von Stipendien an Sch\u00fcler und Studenten, die Schulung lokaler Landwirte und die Vermittlung grundlegender F\u00e4higkeiten, damit die Menschen ihr Potenzial voll aussch\u00f6pfen k\u00f6nnen. Geleitet von einem gemeinschaftsorientierten Ansatz arbeiten wir eng mit lokalen Gemeinschaften zusammen, um nachhaltige L\u00f6sungen f\u00fcr lokale Herausforderungen zu entwickeln und umzusetzen \u2013 damit die Entwicklung nicht nur wirkungsvoll, sondern auch nachhaltig ist.","description":"Empowering Communities","publisher":{"@id":"https:\/\/arise-gateway.org\/de\/#organization"},"potentialAction":[{"@type":"SearchAction","target":{"@type":"EntryPoint","urlTemplate":"https:\/\/arise-gateway.org\/de\/?s={search_term_string}"},"query-input":{"@type":"PropertyValueSpecification","valueRequired":true,"valueName":"search_term_string"}}],"inLanguage":"de"},{"@type":"Organization","@id":"https:\/\/arise-gateway.org\/de\/#organization","name":"Arise Gateway ist eine nationale Nichtregierungsorganisation (NNGO), die seit 2018 benachteiligten Gemeinden im gesamten S\u00fcdsudan hilft. Wir setzen uns daf\u00fcr ein, Menschen zu st\u00e4rken, indem wir lokalen Gemeinden Zugang zu den Instrumenten und Ressourcen verschaffen, die sie f\u00fcr eine nachhaltige Entwicklung und Wachstum ben\u00f6tigen.\n\nUnsere Arbeit konzentriert sich auf die F\u00f6rderung der Bildung benachteiligter Kinder, die Vergabe von Stipendien an Sch\u00fcler und Studenten, die Schulung lokaler Landwirte und die Vermittlung grundlegender F\u00e4higkeiten, damit die Menschen ihr Potenzial voll aussch\u00f6pfen k\u00f6nnen. Geleitet von einem gemeinschaftsorientierten Ansatz arbeiten wir eng mit lokalen Gemeinschaften zusammen, um nachhaltige L\u00f6sungen f\u00fcr lokale Herausforderungen zu entwickeln und umzusetzen \u2013 damit die Entwicklung nicht nur wirkungsvoll, sondern auch nachhaltig ist.","url":"https:\/\/arise-gateway.org\/de\/","logo":{"@type":"ImageObject","inLanguage":"de","@id":"https:\/\/arise-gateway.org\/de\/#\/schema\/logo\/image\/","url":"https:\/\/arise-gateway.org\/wp-content\/uploads\/2020\/10\/5935417C-26EC-4B17-878B-63854AFED0E1_4_5005_c.jpeg","contentUrl":"https:\/\/arise-gateway.org\/wp-content\/uploads\/2020\/10\/5935417C-26EC-4B17-878B-63854AFED0E1_4_5005_c.jpeg","width":500,"height":157,"caption":"Arise Gateway"},"image":{"@id":"https:\/\/arise-gateway.org\/de\/#\/schema\/logo\/image\/"}}]}},"_links":{"self":[{"href":"https:\/\/arise-gateway.org\/de\/wp-json\/wp\/v2\/pages\/1631","targetHints":{"allow":["GET"]}}],"collection":[{"href":"https:\/\/arise-gateway.org\/de\/wp-json\/wp\/v2\/pages"}],"about":[{"href":"https:\/\/arise-gateway.org\/de\/wp-json\/wp\/v2\/types\/page"}],"author":[{"embeddable":true,"href":"https:\/\/arise-gateway.org\/de\/wp-json\/wp\/v2\/users\/1"}],"replies":[{"embeddable":true,"href":"https:\/\/arise-gateway.org\/de\/wp-json\/wp\/v2\/comments?post=1631"}],"version-history":[{"count":52,"href":"https:\/\/arise-gateway.org\/de\/wp-json\/wp\/v2\/pages\/1631\/revisions"}],"predecessor-version":[{"id":3012,"href":"https:\/\/arise-gateway.org\/de\/wp-json\/wp\/v2\/pages\/1631\/revisions\/3012"}],"wp:attachment":[{"href":"https:\/\/arise-gateway.org\/de\/wp-json\/wp\/v2\/media?parent=1631"}],"curies":[{"name":"wp","href":"https:\/\/api.w.org\/{rel}","templated":true}]}}