{"id":1282,"date":"2020-10-31T10:43:30","date_gmt":"2020-10-31T07:43:30","guid":{"rendered":"https:\/\/arise-gateway.org\/?page_id=1282"},"modified":"2020-10-31T10:43:30","modified_gmt":"2020-10-31T07:43:30","slug":"take-action","status":"publish","type":"page","link":"https:\/\/arise-gateway.org\/de\/take-action\/","title":{"rendered":"TAKE ACTION"},"content":{"rendered":"","protected":false},"excerpt":{"rendered":"","protected":false},"author":1,"featured_media":0,"parent":0,"menu_order":0,"comment_status":"closed","ping_status":"closed","template":"","meta":{"_monsterinsights_skip_tracking":false,"_monsterinsights_sitenote_active":false,"_monsterinsights_sitenote_note":"","_monsterinsights_sitenote_category":0,"site-sidebar-layout":"default","site-content-layout":"","ast-site-content-layout":"default","site-content-style":"default","site-sidebar-style":"default","ast-global-header-display":"","ast-banner-title-visibility":"","ast-main-header-display":"","ast-hfb-above-header-display":"","ast-hfb-below-header-display":"","ast-hfb-mobile-header-display":"","site-post-title":"","ast-breadcrumbs-content":"","ast-featured-img":"","footer-sml-layout":"","theme-transparent-header-meta":"","adv-header-id-meta":"","stick-header-meta":"","header-above-stick-meta":"","header-main-stick-meta":"","header-below-stick-meta":"","astra-migrate-meta-layouts":"default","ast-page-background-enabled":"default","ast-page-background-meta":{"desktop":{"background-color":"","background-image":"","background-repeat":"repeat","background-position":"center center","background-size":"auto","background-attachment":"scroll","background-type":"","background-media":"","overlay-type":"","overlay-color":"","overlay-opacity":"","overlay-gradient":""},"tablet":{"background-color":"","background-image":"","background-repeat":"repeat","background-position":"center center","background-size":"auto","background-attachment":"scroll","background-type":"","background-media":"","overlay-type":"","overlay-color":"","overlay-opacity":"","overlay-gradient":""},"mobile":{"background-color":"","background-image":"","background-repeat":"repeat","background-position":"center center","background-size":"auto","background-attachment":"scroll","background-type":"","background-media":"","overlay-type":"","overlay-color":"","overlay-opacity":"","overlay-gradient":""}},"ast-content-background-meta":{"desktop":{"background-color":"var(--ast-global-color-5)","background-image":"","background-repeat":"repeat","background-position":"center center","background-size":"auto","background-attachment":"scroll","background-type":"","background-media":"","overlay-type":"","overlay-color":"","overlay-opacity":"","overlay-gradient":""},"tablet":{"background-color":"var(--ast-global-color-5)","background-image":"","background-repeat":"repeat","background-position":"center center","background-size":"auto","background-attachment":"scroll","background-type":"","background-media":"","overlay-type":"","overlay-color":"","overlay-opacity":"","overlay-gradient":""},"mobile":{"background-color":"var(--ast-global-color-5)","background-image":"","background-repeat":"repeat","background-position":"center center","background-size":"auto","background-attachment":"scroll","background-type":"","background-media":"","overlay-type":"","overlay-color":"","overlay-opacity":"","overlay-gradient":""}},"footnotes":""},"class_list":["post-1282","page","type-page","status-publish","hentry"],"yoast_head":"<!-- This site is optimized with the Yoast SEO plugin v26.3 - https:\/\/yoast.com\/wordpress\/plugins\/seo\/ -->\n<title>TAKE ACTION - Arise Gateway<\/title>\n<meta name=\"robots\" content=\"index, follow, max-snippet:-1, max-image-preview:large, max-video-preview:-1\" \/>\n<link rel=\"canonical\" href=\"https:\/\/arise-gateway.org\/de\/take-action\/\" \/>\n<meta property=\"og:locale\" content=\"de_DE\" \/>\n<meta property=\"og:type\" content=\"article\" \/>\n<meta property=\"og:title\" content=\"TAKE ACTION - Arise Gateway\" \/>\n<meta property=\"og:url\" content=\"https:\/\/arise-gateway.org\/de\/take-action\/\" \/>\n<meta property=\"og:site_name\" content=\"Arise Gateway\" \/>\n<meta name=\"twitter:card\" content=\"summary_large_image\" \/>\n<script type=\"application\/ld+json\" class=\"yoast-schema-graph\">{\"@context\":\"https:\/\/schema.org\",\"@graph\":[{\"@type\":\"WebPage\",\"@id\":\"https:\/\/arise-gateway.org\/de\/take-action\/\",\"url\":\"https:\/\/arise-gateway.org\/de\/take-action\/\",\"name\":\"TAKE ACTION - Arise Gateway\",\"isPartOf\":{\"@id\":\"https:\/\/arise-gateway.org\/de\/#website\"},\"datePublished\":\"2020-10-31T07:43:30+00:00\",\"breadcrumb\":{\"@id\":\"https:\/\/arise-gateway.org\/de\/take-action\/#breadcrumb\"},\"inLanguage\":\"de\",\"potentialAction\":[{\"@type\":\"ReadAction\",\"target\":[\"https:\/\/arise-gateway.org\/de\/take-action\/\"]}]},{\"@type\":\"BreadcrumbList\",\"@id\":\"https:\/\/arise-gateway.org\/de\/take-action\/#breadcrumb\",\"itemListElement\":[{\"@type\":\"ListItem\",\"position\":1,\"name\":\"Home\",\"item\":\"https:\/\/arise-gateway.org\/\"},{\"@type\":\"ListItem\",\"position\":2,\"name\":\"TAKE ACTION\"}]},{\"@type\":\"WebSite\",\"@id\":\"https:\/\/arise-gateway.org\/de\/#website\",\"url\":\"https:\/\/arise-gateway.org\/de\/\",\"name\":\"Arise Gateway\",\"description\":\"Empowering Communities\",\"publisher\":{\"@id\":\"https:\/\/arise-gateway.org\/de\/#organization\"},\"potentialAction\":[{\"@type\":\"SearchAction\",\"target\":{\"@type\":\"EntryPoint\",\"urlTemplate\":\"https:\/\/arise-gateway.org\/de\/?s={search_term_string}\"},\"query-input\":{\"@type\":\"PropertyValueSpecification\",\"valueRequired\":true,\"valueName\":\"search_term_string\"}}],\"inLanguage\":\"de\"},{\"@type\":\"Organization\",\"@id\":\"https:\/\/arise-gateway.org\/de\/#organization\",\"name\":\"Arise Gateway\",\"url\":\"https:\/\/arise-gateway.org\/de\/\",\"logo\":{\"@type\":\"ImageObject\",\"inLanguage\":\"de\",\"@id\":\"https:\/\/arise-gateway.org\/de\/#\/schema\/logo\/image\/\",\"url\":\"https:\/\/arise-gateway.org\/wp-content\/uploads\/2020\/10\/5935417C-26EC-4B17-878B-63854AFED0E1_4_5005_c.jpeg\",\"contentUrl\":\"https:\/\/arise-gateway.org\/wp-content\/uploads\/2020\/10\/5935417C-26EC-4B17-878B-63854AFED0E1_4_5005_c.jpeg\",\"width\":500,\"height\":157,\"caption\":\"Arise Gateway\"},\"image\":{\"@id\":\"https:\/\/arise-gateway.org\/de\/#\/schema\/logo\/image\/\"}}]}<\/script>\n<!-- \/ Yoast SEO plugin. -->","yoast_head_json":{"title":"TAKE ACTION - Arise Gateway","robots":{"index":"index","follow":"follow","max-snippet":"max-snippet:-1","max-image-preview":"max-image-preview:large","max-video-preview":"max-video-preview:-1"},"canonical":"https:\/\/arise-gateway.org\/de\/take-action\/","og_locale":"de_DE","og_type":"article","og_title":"TAKE ACTION - Arise Gateway","og_url":"https:\/\/arise-gateway.org\/de\/take-action\/","og_site_name":"Arise Gateway","twitter_card":"summary_large_image","schema":{"@context":"https:\/\/schema.org","@graph":[{"@type":"WebPage","@id":"https:\/\/arise-gateway.org\/de\/take-action\/","url":"https:\/\/arise-gateway.org\/de\/take-action\/","name":"TAKE ACTION - Arise Gateway","isPartOf":{"@id":"https:\/\/arise-gateway.org\/de\/#website"},"datePublished":"2020-10-31T07:43:30+00:00","breadcrumb":{"@id":"https:\/\/arise-gateway.org\/de\/take-action\/#breadcrumb"},"inLanguage":"de","potentialAction":[{"@type":"ReadAction","target":["https:\/\/arise-gateway.org\/de\/take-action\/"]}]},{"@type":"BreadcrumbList","@id":"https:\/\/arise-gateway.org\/de\/take-action\/#breadcrumb","itemListElement":[{"@type":"ListItem","position":1,"name":"Home","item":"https:\/\/arise-gateway.org\/"},{"@type":"ListItem","position":2,"name":"TAKE ACTION"}]},{"@type":"WebSite","@id":"https:\/\/arise-gateway.org\/de\/#website","url":"https:\/\/arise-gateway.org\/de\/","name":"Arise Gateway ist eine nationale Nichtregierungsorganisation (NNGO), die seit 2018 benachteiligten Gemeinden im gesamten S\u00fcdsudan hilft. Wir setzen uns daf\u00fcr ein, Menschen zu st\u00e4rken, indem wir lokalen Gemeinden Zugang zu den Instrumenten und Ressourcen verschaffen, die sie f\u00fcr eine nachhaltige Entwicklung und Wachstum ben\u00f6tigen.\n\nUnsere Arbeit konzentriert sich auf die F\u00f6rderung der Bildung benachteiligter Kinder, die Vergabe von Stipendien an Sch\u00fcler und Studenten, die Schulung lokaler Landwirte und die Vermittlung grundlegender F\u00e4higkeiten, damit die Menschen ihr Potenzial voll aussch\u00f6pfen k\u00f6nnen. Geleitet von einem gemeinschaftsorientierten Ansatz arbeiten wir eng mit lokalen Gemeinschaften zusammen, um nachhaltige L\u00f6sungen f\u00fcr lokale Herausforderungen zu entwickeln und umzusetzen \u2013 damit die Entwicklung nicht nur wirkungsvoll, sondern auch nachhaltig ist.","description":"Empowering Communities","publisher":{"@id":"https:\/\/arise-gateway.org\/de\/#organization"},"potentialAction":[{"@type":"SearchAction","target":{"@type":"EntryPoint","urlTemplate":"https:\/\/arise-gateway.org\/de\/?s={search_term_string}"},"query-input":{"@type":"PropertyValueSpecification","valueRequired":true,"valueName":"search_term_string"}}],"inLanguage":"de"},{"@type":"Organization","@id":"https:\/\/arise-gateway.org\/de\/#organization","name":"Arise Gateway ist eine nationale Nichtregierungsorganisation (NNGO), die seit 2018 benachteiligten Gemeinden im gesamten S\u00fcdsudan hilft. Wir setzen uns daf\u00fcr ein, Menschen zu st\u00e4rken, indem wir lokalen Gemeinden Zugang zu den Instrumenten und Ressourcen verschaffen, die sie f\u00fcr eine nachhaltige Entwicklung und Wachstum ben\u00f6tigen.\n\nUnsere Arbeit konzentriert sich auf die F\u00f6rderung der Bildung benachteiligter Kinder, die Vergabe von Stipendien an Sch\u00fcler und Studenten, die Schulung lokaler Landwirte und die Vermittlung grundlegender F\u00e4higkeiten, damit die Menschen ihr Potenzial voll aussch\u00f6pfen k\u00f6nnen. Geleitet von einem gemeinschaftsorientierten Ansatz arbeiten wir eng mit lokalen Gemeinschaften zusammen, um nachhaltige L\u00f6sungen f\u00fcr lokale Herausforderungen zu entwickeln und umzusetzen \u2013 damit die Entwicklung nicht nur wirkungsvoll, sondern auch nachhaltig ist.","url":"https:\/\/arise-gateway.org\/de\/","logo":{"@type":"ImageObject","inLanguage":"de","@id":"https:\/\/arise-gateway.org\/de\/#\/schema\/logo\/image\/","url":"https:\/\/arise-gateway.org\/wp-content\/uploads\/2020\/10\/5935417C-26EC-4B17-878B-63854AFED0E1_4_5005_c.jpeg","contentUrl":"https:\/\/arise-gateway.org\/wp-content\/uploads\/2020\/10\/5935417C-26EC-4B17-878B-63854AFED0E1_4_5005_c.jpeg","width":500,"height":157,"caption":"Arise Gateway"},"image":{"@id":"https:\/\/arise-gateway.org\/de\/#\/schema\/logo\/image\/"}}]}},"_links":{"self":[{"href":"https:\/\/arise-gateway.org\/de\/wp-json\/wp\/v2\/pages\/1282","targetHints":{"allow":["GET"]}}],"collection":[{"href":"https:\/\/arise-gateway.org\/de\/wp-json\/wp\/v2\/pages"}],"about":[{"href":"https:\/\/arise-gateway.org\/de\/wp-json\/wp\/v2\/types\/page"}],"author":[{"embeddable":true,"href":"https:\/\/arise-gateway.org\/de\/wp-json\/wp\/v2\/users\/1"}],"replies":[{"embeddable":true,"href":"https:\/\/arise-gateway.org\/de\/wp-json\/wp\/v2\/comments?post=1282"}],"version-history":[{"count":1,"href":"https:\/\/arise-gateway.org\/de\/wp-json\/wp\/v2\/pages\/1282\/revisions"}],"predecessor-version":[{"id":1302,"href":"https:\/\/arise-gateway.org\/de\/wp-json\/wp\/v2\/pages\/1282\/revisions\/1302"}],"wp:attachment":[{"href":"https:\/\/arise-gateway.org\/de\/wp-json\/wp\/v2\/media?parent=1282"}],"curies":[{"name":"wp","href":"https:\/\/api.w.org\/{rel}","templated":true}]}}