{"id":1280,"date":"2020-10-31T10:43:30","date_gmt":"2020-10-31T07:43:30","guid":{"rendered":"https:\/\/arise-gateway.org\/?page_id=1280"},"modified":"2024-09-12T20:18:26","modified_gmt":"2024-09-12T18:18:26","slug":"sponsor-a-child","status":"publish","type":"page","link":"https:\/\/arise-gateway.org\/de\/sponsor-a-child\/","title":{"rendered":"Patenschaft f\u00fcr ein Kind"},"content":{"rendered":"<div data-elementor-type=\"wp-page\" data-elementor-id=\"1280\" class=\"elementor elementor-1280\">\n\t\t\t\t\t\t<section class=\"elementor-section elementor-top-section elementor-element elementor-element-b26e1f3 elementor-section-full_width elementor-section-stretched elementor-section-height-default elementor-section-height-default\" data-id=\"b26e1f3\" data-element_type=\"section\" data-settings=\"{&quot;stretch_section&quot;:&quot;section-stretched&quot;}\">\n\t\t\t\t\t\t\t<div class=\"elementor-background-overlay\"><\/div>\n\t\t\t\t\t\t\t<div class=\"elementor-container elementor-column-gap-default\">\n\t\t\t\t\t<div class=\"elementor-column elementor-col-100 elementor-top-column elementor-element elementor-element-eaf4065\" data-id=\"eaf4065\" data-element_type=\"column\">\n\t\t\t<div class=\"elementor-widget-wrap elementor-element-populated\">\n\t\t\t\t\t\t<div class=\"elementor-element elementor-element-f7ff912 elementor-widget elementor-widget-heading\" data-id=\"f7ff912\" data-element_type=\"widget\" data-widget_type=\"heading.default\">\n\t\t\t\t<div class=\"elementor-widget-container\">\n\t\t\t\t\t<h1 class=\"elementor-heading-title elementor-size-default\">PATENSCHAFT F\u00dcR EIN KIND<\/h1>\t\t\t\t<\/div>\n\t\t\t\t<\/div>\n\t\t\t\t<div class=\"elementor-element elementor-element-34ac606 elementor-widget elementor-widget-text-editor\" data-id=\"34ac606\" data-element_type=\"widget\" data-widget_type=\"text-editor.default\">\n\t\t\t\t<div class=\"elementor-widget-container\">\n\t\t\t\t\t\t\t\t\t<p><strong>Leben ver\u00e4ndern durch Bildung <\/strong><\/p>\t\t\t\t\t\t\t\t<\/div>\n\t\t\t\t<\/div>\n\t\t\t\t\t<\/div>\n\t\t<\/div>\n\t\t\t\t\t<\/div>\n\t\t<\/section>\n\t\t\t\t<section class=\"elementor-section elementor-top-section elementor-element elementor-element-4ea03b8 elementor-section-boxed elementor-section-height-default elementor-section-height-default\" data-id=\"4ea03b8\" data-element_type=\"section\">\n\t\t\t\t\t\t<div class=\"elementor-container elementor-column-gap-default\">\n\t\t\t\t\t<div class=\"elementor-column elementor-col-50 elementor-top-column elementor-element elementor-element-5d9be98\" data-id=\"5d9be98\" data-element_type=\"column\">\n\t\t\t<div class=\"elementor-widget-wrap elementor-element-populated\">\n\t\t\t\t\t\t<div class=\"elementor-element elementor-element-2f2c1ac elementor-widget elementor-widget-image\" data-id=\"2f2c1ac\" data-element_type=\"widget\" data-widget_type=\"image.default\">\n\t\t\t\t<div class=\"elementor-widget-container\">\n\t\t\t\t\t\t\t\t\t\t\t\t\t\t\t<img fetchpriority=\"high\" decoding=\"async\" width=\"1024\" height=\"768\" src=\"https:\/\/arise-gateway.org\/wp-content\/uploads\/2024\/09\/IMG_9135-1024x768.jpg\" class=\"attachment-large size-large wp-image-3036\" alt=\"\" srcset=\"https:\/\/arise-gateway.org\/wp-content\/uploads\/2024\/09\/IMG_9135-1024x768.jpg 1024w, https:\/\/arise-gateway.org\/wp-content\/uploads\/2024\/09\/IMG_9135-360x270.jpg 360w, https:\/\/arise-gateway.org\/wp-content\/uploads\/2024\/09\/IMG_9135-768x576.jpg 768w, https:\/\/arise-gateway.org\/wp-content\/uploads\/2024\/09\/IMG_9135-1536x1152.jpg 1536w, https:\/\/arise-gateway.org\/wp-content\/uploads\/2024\/09\/IMG_9135-2048x1536.jpg 2048w, https:\/\/arise-gateway.org\/wp-content\/uploads\/2024\/09\/IMG_9135-16x12.jpg 16w\" sizes=\"(max-width: 1024px) 100vw, 1024px\" \/>\t\t\t\t\t\t\t\t\t\t\t\t\t\t\t<\/div>\n\t\t\t\t<\/div>\n\t\t\t\t\t<\/div>\n\t\t<\/div>\n\t\t\t\t<div class=\"elementor-column elementor-col-50 elementor-top-column elementor-element elementor-element-154a9a0\" data-id=\"154a9a0\" data-element_type=\"column\">\n\t\t\t<div class=\"elementor-widget-wrap elementor-element-populated\">\n\t\t\t\t\t\t<div class=\"elementor-element elementor-element-3d878fd elementor-widget elementor-widget-heading\" data-id=\"3d878fd\" data-element_type=\"widget\" data-widget_type=\"heading.default\">\n\t\t\t\t<div class=\"elementor-widget-container\">\n\t\t\t\t\t<h2 class=\"elementor-heading-title elementor-size-default\">Schutzbed\u00fcrftige Kinder st\u00e4rken<\/h2>\t\t\t\t<\/div>\n\t\t\t\t<\/div>\n\t\t\t\t<div class=\"elementor-element elementor-element-5cc1f33 elementor-widget elementor-widget-text-editor\" data-id=\"5cc1f33\" data-element_type=\"widget\" data-widget_type=\"text-editor.default\">\n\t\t\t\t<div class=\"elementor-widget-container\">\n\t\t\t\t\t\t\t\t\t<p>Unser Patenschaftsprogramm f\u00fcr Kinder bietet Ihnen die einzigartige M\u00f6glichkeit, mit dem Kind in Verbindung zu bleiben und regelm\u00e4\u00dfig Informationen \u00fcber die allgemeine Entwicklung des Kindes zu erhalten. Wir sind der festen \u00dcberzeugung, dass Sie Kindern helfen, sich zu unabh\u00e4ngigen und verantwortungsbewussten B\u00fcrgern zu entwickeln und so den Kreislauf der extremen Armut zu durchbrechen.<\/p>\t\t\t\t\t\t\t\t<\/div>\n\t\t\t\t<\/div>\n\t\t\t\t\t<\/div>\n\t\t<\/div>\n\t\t\t\t\t<\/div>\n\t\t<\/section>\n\t\t\t\t<section class=\"elementor-section elementor-top-section elementor-element elementor-element-9d76a5f elementor-section-full_width elementor-section-stretched elementor-section-height-default elementor-section-height-default\" data-id=\"9d76a5f\" data-element_type=\"section\" data-settings=\"{&quot;stretch_section&quot;:&quot;section-stretched&quot;,&quot;background_background&quot;:&quot;classic&quot;}\">\n\t\t\t\t\t\t<div class=\"elementor-container elementor-column-gap-default\">\n\t\t\t\t\t<div class=\"elementor-column elementor-col-100 elementor-top-column elementor-element elementor-element-269af3c\" data-id=\"269af3c\" data-element_type=\"column\">\n\t\t\t<div class=\"elementor-widget-wrap elementor-element-populated\">\n\t\t\t\t\t\t<div class=\"elementor-element elementor-element-7d698b8 elementor-widget elementor-widget-heading\" data-id=\"7d698b8\" data-element_type=\"widget\" data-widget_type=\"heading.default\">\n\t\t\t\t<div class=\"elementor-widget-container\">\n\t\t\t\t\t<h2 class=\"elementor-heading-title elementor-size-default\">Option f\u00fcr die Patenschaft eines Kindes<\/h2>\t\t\t\t<\/div>\n\t\t\t\t<\/div>\n\t\t\t\t<div class=\"elementor-element elementor-element-5b15080 elementor-widget-divider--view-line elementor-widget elementor-widget-divider\" data-id=\"5b15080\" data-element_type=\"widget\" data-widget_type=\"divider.default\">\n\t\t\t\t<div class=\"elementor-widget-container\">\n\t\t\t\t\t\t\t<div class=\"elementor-divider\">\n\t\t\t<span class=\"elementor-divider-separator\">\n\t\t\t\t\t\t<\/span>\n\t\t<\/div>\n\t\t\t\t\t\t<\/div>\n\t\t\t\t<\/div>\n\t\t\t\t<section class=\"elementor-section elementor-inner-section elementor-element elementor-element-3eb6847 elementor-section-boxed elementor-section-height-default elementor-section-height-default\" data-id=\"3eb6847\" data-element_type=\"section\">\n\t\t\t\t\t\t<div class=\"elementor-container elementor-column-gap-default\">\n\t\t\t\t\t<div class=\"elementor-column elementor-col-100 elementor-inner-column elementor-element elementor-element-bbb4e76\" data-id=\"bbb4e76\" data-element_type=\"column\">\n\t\t\t<div class=\"elementor-widget-wrap elementor-element-populated\">\n\t\t\t\t\t\t<div class=\"elementor-element elementor-element-6186061 elementor-widget elementor-widget-price-table\" data-id=\"6186061\" data-element_type=\"widget\" data-widget_type=\"price-table.default\">\n\t\t\t\t<div class=\"elementor-widget-container\">\n\t\t\t\t\t \t\t\t\t<\/div>\n\t\t\t\t<\/div>\n\t\t\t\t<div class=\"elementor-element elementor-element-53d612e elementor-widget__width-auto elementor-widget elementor-widget-html\" data-id=\"53d612e\" data-element_type=\"widget\" data-widget_type=\"html.default\">\n\t\t\t\t<div class=\"elementor-widget-container\">\n\t\t\t\t\t<form action=\"https:\/\/www.paypal.com\/donate\" method=\"post\" target=\"_top\">\n<input type=\"hidden\" name=\"hosted_button_id\" value=\"52ZHQF737MVHQ\" \/>\n<input type=\"image\" src=\"https:\/\/www.paypalobjects.com\/en_US\/DK\/i\/btn\/btn_donateCC_LG.gif\" border=\"0\" name=\"submit\" title=\"PayPal - The safer, easier way to pay online!\" alt=\"Donate with PayPal button\" \/>\n<img decoding=\"async\" alt=\"\" border=\"0\" src=\"https:\/\/www.paypal.com\/en_DE\/i\/scr\/pixel.gif\" width=\"1\" height=\"1\" \/>\n<\/form>\t\t\t\t<\/div>\n\t\t\t\t<\/div>\n\t\t\t\t\t<\/div>\n\t\t<\/div>\n\t\t\t\t\t<\/div>\n\t\t<\/section>\n\t\t\t\t\t<\/div>\n\t\t<\/div>\n\t\t\t\t\t<\/div>\n\t\t<\/section>\n\t\t\t\t<\/div>","protected":false},"excerpt":{"rendered":"<p>SPONSOR A CHILD Changing Lives Through Education Empower Vulnerable Children Our child sponsorship program offers you a unique opportunity to stay connected with the child and receive regular updates on the child\u2019s overall development. We strongly believe that by empowering children, you help them develop into independent and responsible citizens, thus breaking the circle of [&hellip;]<\/p>","protected":false},"author":1,"featured_media":0,"parent":0,"menu_order":0,"comment_status":"closed","ping_status":"closed","template":"elementor_header_footer","meta":{"_monsterinsights_skip_tracking":false,"_monsterinsights_sitenote_active":false,"_monsterinsights_sitenote_note":"","_monsterinsights_sitenote_category":0,"site-sidebar-layout":"default","site-content-layout":"plain-container","ast-site-content-layout":"default","site-content-style":"default","site-sidebar-style":"default","ast-global-header-display":"","ast-banner-title-visibility":"","ast-main-header-display":"","ast-hfb-above-header-display":"","ast-hfb-below-header-display":"","ast-hfb-mobile-header-display":"","site-post-title":"disabled","ast-breadcrumbs-content":"","ast-featured-img":"disabled","footer-sml-layout":"","theme-transparent-header-meta":"default","adv-header-id-meta":"","stick-header-meta":"","header-above-stick-meta":"","header-main-stick-meta":"","header-below-stick-meta":"","astra-migrate-meta-layouts":"default","ast-page-background-enabled":"default","ast-page-background-meta":{"desktop":{"background-color":"","background-image":"","background-repeat":"repeat","background-position":"center center","background-size":"auto","background-attachment":"scroll","background-type":"","background-media":"","overlay-type":"","overlay-color":"","overlay-opacity":"","overlay-gradient":""},"tablet":{"background-color":"","background-image":"","background-repeat":"repeat","background-position":"center center","background-size":"auto","background-attachment":"scroll","background-type":"","background-media":"","overlay-type":"","overlay-color":"","overlay-opacity":"","overlay-gradient":""},"mobile":{"background-color":"","background-image":"","background-repeat":"repeat","background-position":"center center","background-size":"auto","background-attachment":"scroll","background-type":"","background-media":"","overlay-type":"","overlay-color":"","overlay-opacity":"","overlay-gradient":""}},"ast-content-background-meta":{"desktop":{"background-color":"var(--ast-global-color-5)","background-image":"","background-repeat":"repeat","background-position":"center center","background-size":"auto","background-attachment":"scroll","background-type":"","background-media":"","overlay-type":"","overlay-color":"","overlay-opacity":"","overlay-gradient":""},"tablet":{"background-color":"var(--ast-global-color-5)","background-image":"","background-repeat":"repeat","background-position":"center center","background-size":"auto","background-attachment":"scroll","background-type":"","background-media":"","overlay-type":"","overlay-color":"","overlay-opacity":"","overlay-gradient":""},"mobile":{"background-color":"var(--ast-global-color-5)","background-image":"","background-repeat":"repeat","background-position":"center center","background-size":"auto","background-attachment":"scroll","background-type":"","background-media":"","overlay-type":"","overlay-color":"","overlay-opacity":"","overlay-gradient":""}},"footnotes":""},"class_list":["post-1280","page","type-page","status-publish","hentry"],"yoast_head":"<!-- This site is optimized with the Yoast SEO plugin v26.3 - https:\/\/yoast.com\/wordpress\/plugins\/seo\/ -->\n<title>Sponsor a child - Arise Gateway<\/title>\n<meta name=\"robots\" content=\"index, follow, max-snippet:-1, max-image-preview:large, max-video-preview:-1\" \/>\n<link rel=\"canonical\" href=\"https:\/\/arise-gateway.org\/de\/sponsor-a-child\/\" \/>\n<meta property=\"og:locale\" content=\"de_DE\" \/>\n<meta property=\"og:type\" content=\"article\" \/>\n<meta property=\"og:title\" content=\"Sponsor a child - Arise Gateway\" \/>\n<meta property=\"og:description\" content=\"SPONSOR A CHILD Changing Lives Through Education Empower Vulnerable Children Our child sponsorship program offers you a unique opportunity to stay connected with the child and receive regular updates on the child\u2019s overall development. We strongly believe that by empowering children, you help them develop into independent and responsible citizens, thus breaking the circle of [&hellip;]\" \/>\n<meta property=\"og:url\" content=\"https:\/\/arise-gateway.org\/de\/sponsor-a-child\/\" \/>\n<meta property=\"og:site_name\" content=\"Arise Gateway\" \/>\n<meta property=\"article:modified_time\" content=\"2024-09-12T18:18:26+00:00\" \/>\n<meta property=\"og:image\" content=\"https:\/\/arise-gateway.org\/wp-content\/uploads\/2024\/09\/IMG_9135-1024x768.jpg\" \/>\n<meta name=\"twitter:card\" content=\"summary_large_image\" \/>\n<meta name=\"twitter:label1\" content=\"Gesch\u00e4tzte Lesezeit\" \/>\n\t<meta name=\"twitter:data1\" content=\"1\u00a0Minute\" \/>\n<script type=\"application\/ld+json\" class=\"yoast-schema-graph\">{\"@context\":\"https:\/\/schema.org\",\"@graph\":[{\"@type\":\"WebPage\",\"@id\":\"https:\/\/arise-gateway.org\/sponsor-a-child\/\",\"url\":\"https:\/\/arise-gateway.org\/sponsor-a-child\/\",\"name\":\"Sponsor a child - Arise Gateway\",\"isPartOf\":{\"@id\":\"https:\/\/arise-gateway.org\/de\/#website\"},\"primaryImageOfPage\":{\"@id\":\"https:\/\/arise-gateway.org\/sponsor-a-child\/#primaryimage\"},\"image\":{\"@id\":\"https:\/\/arise-gateway.org\/sponsor-a-child\/#primaryimage\"},\"thumbnailUrl\":\"https:\/\/arise-gateway.org\/wp-content\/uploads\/2024\/09\/IMG_9135-1024x768.jpg\",\"datePublished\":\"2020-10-31T07:43:30+00:00\",\"dateModified\":\"2024-09-12T18:18:26+00:00\",\"breadcrumb\":{\"@id\":\"https:\/\/arise-gateway.org\/sponsor-a-child\/#breadcrumb\"},\"inLanguage\":\"de\",\"potentialAction\":[{\"@type\":\"ReadAction\",\"target\":[\"https:\/\/arise-gateway.org\/sponsor-a-child\/\"]}]},{\"@type\":\"ImageObject\",\"inLanguage\":\"de\",\"@id\":\"https:\/\/arise-gateway.org\/sponsor-a-child\/#primaryimage\",\"url\":\"https:\/\/arise-gateway.org\/wp-content\/uploads\/2024\/09\/IMG_9135-1024x768.jpg\",\"contentUrl\":\"https:\/\/arise-gateway.org\/wp-content\/uploads\/2024\/09\/IMG_9135-1024x768.jpg\"},{\"@type\":\"BreadcrumbList\",\"@id\":\"https:\/\/arise-gateway.org\/sponsor-a-child\/#breadcrumb\",\"itemListElement\":[{\"@type\":\"ListItem\",\"position\":1,\"name\":\"Home\",\"item\":\"https:\/\/arise-gateway.org\/\"},{\"@type\":\"ListItem\",\"position\":2,\"name\":\"Sponsor a child\"}]},{\"@type\":\"WebSite\",\"@id\":\"https:\/\/arise-gateway.org\/de\/#website\",\"url\":\"https:\/\/arise-gateway.org\/de\/\",\"name\":\"Arise Gateway\",\"description\":\"Empowering Communities\",\"publisher\":{\"@id\":\"https:\/\/arise-gateway.org\/de\/#organization\"},\"potentialAction\":[{\"@type\":\"SearchAction\",\"target\":{\"@type\":\"EntryPoint\",\"urlTemplate\":\"https:\/\/arise-gateway.org\/de\/?s={search_term_string}\"},\"query-input\":{\"@type\":\"PropertyValueSpecification\",\"valueRequired\":true,\"valueName\":\"search_term_string\"}}],\"inLanguage\":\"de\"},{\"@type\":\"Organization\",\"@id\":\"https:\/\/arise-gateway.org\/de\/#organization\",\"name\":\"Arise Gateway\",\"url\":\"https:\/\/arise-gateway.org\/de\/\",\"logo\":{\"@type\":\"ImageObject\",\"inLanguage\":\"de\",\"@id\":\"https:\/\/arise-gateway.org\/de\/#\/schema\/logo\/image\/\",\"url\":\"https:\/\/arise-gateway.org\/wp-content\/uploads\/2020\/10\/5935417C-26EC-4B17-878B-63854AFED0E1_4_5005_c.jpeg\",\"contentUrl\":\"https:\/\/arise-gateway.org\/wp-content\/uploads\/2020\/10\/5935417C-26EC-4B17-878B-63854AFED0E1_4_5005_c.jpeg\",\"width\":500,\"height\":157,\"caption\":\"Arise Gateway\"},\"image\":{\"@id\":\"https:\/\/arise-gateway.org\/de\/#\/schema\/logo\/image\/\"}}]}<\/script>\n<!-- \/ Yoast SEO plugin. -->","yoast_head_json":{"title":"Sponsor a child - Arise Gateway","robots":{"index":"index","follow":"follow","max-snippet":"max-snippet:-1","max-image-preview":"max-image-preview:large","max-video-preview":"max-video-preview:-1"},"canonical":"https:\/\/arise-gateway.org\/de\/sponsor-a-child\/","og_locale":"de_DE","og_type":"article","og_title":"Sponsor a child - Arise Gateway","og_description":"SPONSOR A CHILD Changing Lives Through Education Empower Vulnerable Children Our child sponsorship program offers you a unique opportunity to stay connected with the child and receive regular updates on the child\u2019s overall development. We strongly believe that by empowering children, you help them develop into independent and responsible citizens, thus breaking the circle of [&hellip;]","og_url":"https:\/\/arise-gateway.org\/de\/sponsor-a-child\/","og_site_name":"Arise Gateway","article_modified_time":"2024-09-12T18:18:26+00:00","og_image":[{"url":"https:\/\/arise-gateway.org\/wp-content\/uploads\/2024\/09\/IMG_9135-1024x768.jpg","type":"","width":"","height":""}],"twitter_card":"summary_large_image","twitter_misc":{"Gesch\u00e4tzte Lesezeit":"1\u00a0Minute"},"schema":{"@context":"https:\/\/schema.org","@graph":[{"@type":"WebPage","@id":"https:\/\/arise-gateway.org\/sponsor-a-child\/","url":"https:\/\/arise-gateway.org\/sponsor-a-child\/","name":"Sponsor a child - Arise Gateway","isPartOf":{"@id":"https:\/\/arise-gateway.org\/de\/#website"},"primaryImageOfPage":{"@id":"https:\/\/arise-gateway.org\/sponsor-a-child\/#primaryimage"},"image":{"@id":"https:\/\/arise-gateway.org\/sponsor-a-child\/#primaryimage"},"thumbnailUrl":"https:\/\/arise-gateway.org\/wp-content\/uploads\/2024\/09\/IMG_9135-1024x768.jpg","datePublished":"2020-10-31T07:43:30+00:00","dateModified":"2024-09-12T18:18:26+00:00","breadcrumb":{"@id":"https:\/\/arise-gateway.org\/sponsor-a-child\/#breadcrumb"},"inLanguage":"de","potentialAction":[{"@type":"ReadAction","target":["https:\/\/arise-gateway.org\/sponsor-a-child\/"]}]},{"@type":"ImageObject","inLanguage":"de","@id":"https:\/\/arise-gateway.org\/sponsor-a-child\/#primaryimage","url":"https:\/\/arise-gateway.org\/wp-content\/uploads\/2024\/09\/IMG_9135-1024x768.jpg","contentUrl":"https:\/\/arise-gateway.org\/wp-content\/uploads\/2024\/09\/IMG_9135-1024x768.jpg"},{"@type":"BreadcrumbList","@id":"https:\/\/arise-gateway.org\/sponsor-a-child\/#breadcrumb","itemListElement":[{"@type":"ListItem","position":1,"name":"Home","item":"https:\/\/arise-gateway.org\/"},{"@type":"ListItem","position":2,"name":"Sponsor a child"}]},{"@type":"WebSite","@id":"https:\/\/arise-gateway.org\/de\/#website","url":"https:\/\/arise-gateway.org\/de\/","name":"Arise Gateway ist eine nationale Nichtregierungsorganisation (NNGO), die seit 2018 benachteiligten Gemeinden im gesamten S\u00fcdsudan hilft. Wir setzen uns daf\u00fcr ein, Menschen zu st\u00e4rken, indem wir lokalen Gemeinden Zugang zu den Instrumenten und Ressourcen verschaffen, die sie f\u00fcr eine nachhaltige Entwicklung und Wachstum ben\u00f6tigen.\n\nUnsere Arbeit konzentriert sich auf die F\u00f6rderung der Bildung benachteiligter Kinder, die Vergabe von Stipendien an Sch\u00fcler und Studenten, die Schulung lokaler Landwirte und die Vermittlung grundlegender F\u00e4higkeiten, damit die Menschen ihr Potenzial voll aussch\u00f6pfen k\u00f6nnen. Geleitet von einem gemeinschaftsorientierten Ansatz arbeiten wir eng mit lokalen Gemeinschaften zusammen, um nachhaltige L\u00f6sungen f\u00fcr lokale Herausforderungen zu entwickeln und umzusetzen \u2013 damit die Entwicklung nicht nur wirkungsvoll, sondern auch nachhaltig ist.","description":"Empowering Communities","publisher":{"@id":"https:\/\/arise-gateway.org\/de\/#organization"},"potentialAction":[{"@type":"SearchAction","target":{"@type":"EntryPoint","urlTemplate":"https:\/\/arise-gateway.org\/de\/?s={search_term_string}"},"query-input":{"@type":"PropertyValueSpecification","valueRequired":true,"valueName":"search_term_string"}}],"inLanguage":"de"},{"@type":"Organization","@id":"https:\/\/arise-gateway.org\/de\/#organization","name":"Arise Gateway ist eine nationale Nichtregierungsorganisation (NNGO), die seit 2018 benachteiligten Gemeinden im gesamten S\u00fcdsudan hilft. Wir setzen uns daf\u00fcr ein, Menschen zu st\u00e4rken, indem wir lokalen Gemeinden Zugang zu den Instrumenten und Ressourcen verschaffen, die sie f\u00fcr eine nachhaltige Entwicklung und Wachstum ben\u00f6tigen.\n\nUnsere Arbeit konzentriert sich auf die F\u00f6rderung der Bildung benachteiligter Kinder, die Vergabe von Stipendien an Sch\u00fcler und Studenten, die Schulung lokaler Landwirte und die Vermittlung grundlegender F\u00e4higkeiten, damit die Menschen ihr Potenzial voll aussch\u00f6pfen k\u00f6nnen. Geleitet von einem gemeinschaftsorientierten Ansatz arbeiten wir eng mit lokalen Gemeinschaften zusammen, um nachhaltige L\u00f6sungen f\u00fcr lokale Herausforderungen zu entwickeln und umzusetzen \u2013 damit die Entwicklung nicht nur wirkungsvoll, sondern auch nachhaltig ist.","url":"https:\/\/arise-gateway.org\/de\/","logo":{"@type":"ImageObject","inLanguage":"de","@id":"https:\/\/arise-gateway.org\/de\/#\/schema\/logo\/image\/","url":"https:\/\/arise-gateway.org\/wp-content\/uploads\/2020\/10\/5935417C-26EC-4B17-878B-63854AFED0E1_4_5005_c.jpeg","contentUrl":"https:\/\/arise-gateway.org\/wp-content\/uploads\/2020\/10\/5935417C-26EC-4B17-878B-63854AFED0E1_4_5005_c.jpeg","width":500,"height":157,"caption":"Arise Gateway"},"image":{"@id":"https:\/\/arise-gateway.org\/de\/#\/schema\/logo\/image\/"}}]}},"_links":{"self":[{"href":"https:\/\/arise-gateway.org\/de\/wp-json\/wp\/v2\/pages\/1280","targetHints":{"allow":["GET"]}}],"collection":[{"href":"https:\/\/arise-gateway.org\/de\/wp-json\/wp\/v2\/pages"}],"about":[{"href":"https:\/\/arise-gateway.org\/de\/wp-json\/wp\/v2\/types\/page"}],"author":[{"embeddable":true,"href":"https:\/\/arise-gateway.org\/de\/wp-json\/wp\/v2\/users\/1"}],"replies":[{"embeddable":true,"href":"https:\/\/arise-gateway.org\/de\/wp-json\/wp\/v2\/comments?post=1280"}],"version-history":[{"count":91,"href":"https:\/\/arise-gateway.org\/de\/wp-json\/wp\/v2\/pages\/1280\/revisions"}],"predecessor-version":[{"id":3039,"href":"https:\/\/arise-gateway.org\/de\/wp-json\/wp\/v2\/pages\/1280\/revisions\/3039"}],"wp:attachment":[{"href":"https:\/\/arise-gateway.org\/de\/wp-json\/wp\/v2\/media?parent=1280"}],"curies":[{"name":"wp","href":"https:\/\/api.w.org\/{rel}","templated":true}]}}