{"id":1271,"date":"2020-10-31T10:43:30","date_gmt":"2020-10-31T07:43:30","guid":{"rendered":"https:\/\/arise-gateway.org\/?page_id=1271"},"modified":"2022-06-06T20:32:37","modified_gmt":"2022-06-06T18:32:37","slug":"education","status":"publish","type":"page","link":"https:\/\/arise-gateway.org\/de\/education\/","title":{"rendered":"Bildung"},"content":{"rendered":"<div data-elementor-type=\"wp-page\" data-elementor-id=\"1271\" class=\"elementor elementor-1271\">\n\t\t\t\t\t\t<section class=\"elementor-section elementor-top-section elementor-element elementor-element-fa2aaca elementor-section-boxed elementor-section-height-default elementor-section-height-default\" data-id=\"fa2aaca\" data-element_type=\"section\">\n\t\t\t\t\t\t\t<div class=\"elementor-background-overlay\"><\/div>\n\t\t\t\t\t\t\t<div class=\"elementor-container elementor-column-gap-default\">\n\t\t\t\t\t<div class=\"elementor-column elementor-col-100 elementor-top-column elementor-element elementor-element-54b8cab\" data-id=\"54b8cab\" data-element_type=\"column\">\n\t\t\t<div class=\"elementor-widget-wrap elementor-element-populated\">\n\t\t\t\t\t\t<div class=\"elementor-element elementor-element-68fbddd elementor-widget elementor-widget-heading\" data-id=\"68fbddd\" data-element_type=\"widget\" data-widget_type=\"heading.default\">\n\t\t\t\t<div class=\"elementor-widget-container\">\n\t\t\t\t\t<h1 class=\"elementor-heading-title elementor-size-default\">Bildung<\/h1>\t\t\t\t<\/div>\n\t\t\t\t<\/div>\n\t\t\t\t<div class=\"elementor-element elementor-element-b8d407a elementor-widget elementor-widget-text-editor\" data-id=\"b8d407a\" data-element_type=\"widget\" data-widget_type=\"text-editor.default\">\n\t\t\t\t<div class=\"elementor-widget-container\">\n\t\t\t\t\t\t\t\t\t<p>\u00dcber 2 Millionen Kinder und Jugendliche wachsen ohne Bildung auf, was ihre Zukunft gef\u00e4hrdet. Einige dieser Kinder leisten schwere Arbeit, um ihre Familien finanziell zu unterst\u00fctzen. <br> Sie haben keine Mittel, um ihr Schulgeld zu bezahlen.\u00a0<\/p>\t\t\t\t\t\t\t\t<\/div>\n\t\t\t\t<\/div>\n\t\t\t\t\t<\/div>\n\t\t<\/div>\n\t\t\t\t\t<\/div>\n\t\t<\/section>\n\t\t\t\t<section class=\"elementor-section elementor-top-section elementor-element elementor-element-531c948 elementor-section-boxed elementor-section-height-default elementor-section-height-default\" data-id=\"531c948\" data-element_type=\"section\">\n\t\t\t\t\t\t<div class=\"elementor-container elementor-column-gap-default\">\n\t\t\t\t\t<div class=\"elementor-column elementor-col-100 elementor-top-column elementor-element elementor-element-bbbf936\" data-id=\"bbbf936\" data-element_type=\"column\">\n\t\t\t<div class=\"elementor-widget-wrap elementor-element-populated\">\n\t\t\t\t\t\t<div class=\"elementor-element elementor-element-51fae9a elementor-widget elementor-widget-heading\" data-id=\"51fae9a\" data-element_type=\"widget\" data-widget_type=\"heading.default\">\n\t\t\t\t<div class=\"elementor-widget-container\">\n\t\t\t\t\t<h2 class=\"elementor-heading-title elementor-size-default\">Wie k\u00f6nnen Sie helfen?<\/h2>\t\t\t\t<\/div>\n\t\t\t\t<\/div>\n\t\t\t\t<div class=\"elementor-element elementor-element-1b658ae elementor-widget-divider--view-line elementor-widget elementor-widget-divider\" data-id=\"1b658ae\" data-element_type=\"widget\" data-widget_type=\"divider.default\">\n\t\t\t\t<div class=\"elementor-widget-container\">\n\t\t\t\t\t\t\t<div class=\"elementor-divider\">\n\t\t\t<span class=\"elementor-divider-separator\">\n\t\t\t\t\t\t<\/span>\n\t\t<\/div>\n\t\t\t\t\t\t<\/div>\n\t\t\t\t<\/div>\n\t\t\t\t<section class=\"elementor-section elementor-inner-section elementor-element elementor-element-a62419d elementor-section-boxed elementor-section-height-default elementor-section-height-default\" data-id=\"a62419d\" data-element_type=\"section\">\n\t\t\t\t\t\t<div class=\"elementor-container elementor-column-gap-default\">\n\t\t\t\t\t<div class=\"elementor-column elementor-col-50 elementor-inner-column elementor-element elementor-element-c95ecdb\" data-id=\"c95ecdb\" data-element_type=\"column\">\n\t\t\t<div class=\"elementor-widget-wrap elementor-element-populated\">\n\t\t\t\t\t\t<div class=\"elementor-element elementor-element-e675a25 elementor-widget-mobile__width-initial elementor-widget elementor-widget-image\" data-id=\"e675a25\" data-element_type=\"widget\" data-widget_type=\"image.default\">\n\t\t\t\t<div class=\"elementor-widget-container\">\n\t\t\t\t\t\t\t\t\t\t\t\t\t\t\t<img fetchpriority=\"high\" decoding=\"async\" width=\"1024\" height=\"768\" src=\"https:\/\/arise-gateway.org\/wp-content\/uploads\/2022\/06\/CF786EF3-03F1-47C9-A0C5-C74D546F6250-1024x768.jpeg\" class=\"attachment-large size-large wp-image-3016\" alt=\"\" srcset=\"https:\/\/arise-gateway.org\/wp-content\/uploads\/2022\/06\/CF786EF3-03F1-47C9-A0C5-C74D546F6250-1024x768.jpeg 1024w, https:\/\/arise-gateway.org\/wp-content\/uploads\/2022\/06\/CF786EF3-03F1-47C9-A0C5-C74D546F6250-360x270.jpeg 360w, https:\/\/arise-gateway.org\/wp-content\/uploads\/2022\/06\/CF786EF3-03F1-47C9-A0C5-C74D546F6250-768x576.jpeg 768w, https:\/\/arise-gateway.org\/wp-content\/uploads\/2022\/06\/CF786EF3-03F1-47C9-A0C5-C74D546F6250-1536x1152.jpeg 1536w, https:\/\/arise-gateway.org\/wp-content\/uploads\/2022\/06\/CF786EF3-03F1-47C9-A0C5-C74D546F6250-2048x1536.jpeg 2048w, https:\/\/arise-gateway.org\/wp-content\/uploads\/2022\/06\/CF786EF3-03F1-47C9-A0C5-C74D546F6250-16x12.jpeg 16w\" sizes=\"(max-width: 1024px) 100vw, 1024px\" \/>\t\t\t\t\t\t\t\t\t\t\t\t\t\t\t<\/div>\n\t\t\t\t<\/div>\n\t\t\t\t\t<\/div>\n\t\t<\/div>\n\t\t\t\t<div class=\"elementor-column elementor-col-50 elementor-inner-column elementor-element elementor-element-b291021\" data-id=\"b291021\" data-element_type=\"column\">\n\t\t\t<div class=\"elementor-widget-wrap elementor-element-populated\">\n\t\t\t\t\t\t<div class=\"elementor-element elementor-element-0d23277 elementor-widget elementor-widget-heading\" data-id=\"0d23277\" data-element_type=\"widget\" data-widget_type=\"heading.default\">\n\t\t\t\t<div class=\"elementor-widget-container\">\n\t\t\t\t\t<h2 class=\"elementor-heading-title elementor-size-default\">Patenschaft<\/h2>\t\t\t\t<\/div>\n\t\t\t\t<\/div>\n\t\t\t\t<div class=\"elementor-element elementor-element-63b7d11 elementor-widget elementor-widget-text-editor\" data-id=\"63b7d11\" data-element_type=\"widget\" data-widget_type=\"text-editor.default\">\n\t\t\t\t<div class=\"elementor-widget-container\">\n\t\t\t\t\t\t\t\t\t<p>Wir haben erkannt, dass eine qualitativ hochwertige Grund- und Sekundarschulbildung wichtige Kan\u00e4le sind, durch die benachteiligte und verarmte Kinder gest\u00e4rkt werden k\u00f6nnen, damit sie Hoffnung auf eine bessere Zukunft haben. Unterst\u00fctzen Sie die Bildung bed\u00fcrftiger Kinder und erm\u00f6glichen Sie ihnen einen Zugang zu schulischem Lernen und danach zu beruflicher Ausbildung.<\/p><p>Sie k\u00f6nnen entweder die gesamte Ausbildung eines Kindes finanzieren oder f\u00fcr die Ausbildung mehrerer Kinder spenden. Lassen Sie uns Ver\u00e4nderung in das Leben von vielen benachteiligten Kindern bringen!\u00a0<\/p>\t\t\t\t\t\t\t\t<\/div>\n\t\t\t\t<\/div>\n\t\t\t\t\t<\/div>\n\t\t<\/div>\n\t\t\t\t\t<\/div>\n\t\t<\/section>\n\t\t\t\t<section class=\"elementor-section elementor-inner-section elementor-element elementor-element-0f00934 elementor-section-boxed elementor-section-height-default elementor-section-height-default\" data-id=\"0f00934\" data-element_type=\"section\">\n\t\t\t\t\t\t<div class=\"elementor-container elementor-column-gap-default\">\n\t\t\t\t\t<div class=\"elementor-column elementor-col-50 elementor-inner-column elementor-element elementor-element-e75209b\" data-id=\"e75209b\" data-element_type=\"column\">\n\t\t\t<div class=\"elementor-widget-wrap elementor-element-populated\">\n\t\t\t\t\t\t<div class=\"elementor-element elementor-element-026ee5f elementor-widget elementor-widget-heading\" data-id=\"026ee5f\" data-element_type=\"widget\" data-widget_type=\"heading.default\">\n\t\t\t\t<div class=\"elementor-widget-container\">\n\t\t\t\t\t<h2 class=\"elementor-heading-title elementor-size-default\">Stipendium f\u00fcr eine Berufsausbildung<\/h2>\t\t\t\t<\/div>\n\t\t\t\t<\/div>\n\t\t\t\t<div class=\"elementor-element elementor-element-44cdc34 elementor-widget elementor-widget-text-editor\" data-id=\"44cdc34\" data-element_type=\"widget\" data-widget_type=\"text-editor.default\">\n\t\t\t\t<div class=\"elementor-widget-container\">\n\t\t\t\t\t\t\t\t\t<p>Viele Jugendliche im S\u00fcdsudan und in den Fl\u00fcchtlingslagern in den Nachbarl\u00e4ndern wissen, dass sie eine bessere Bildung n\u00f6tig haben. Oft fehlen ihnen jedoch die Ressourcen, um sich weiterzubilden.\nWir sind \u00fcberzeugt - und auch Untersuchungen zeigen das - dass eine h\u00f6here Bildung jungen Menschen die notwendigen Kenntnisse und F\u00e4higkeiten vermittelt, die sie f\u00fcr die Arbeit brauchen. Dadurch haben sie eine bessere Chance auf einen Arbeitsplatz. Sie k\u00f6nnen mit Ihren Spenden Jugendlichen eine Berufsausbildung finanzieren. Jeder Betrag, den Sie geben, wird eine gro\u00dfe Wirkung haben!<\/p>\t\t\t\t\t\t\t\t<\/div>\n\t\t\t\t<\/div>\n\t\t\t\t\t<\/div>\n\t\t<\/div>\n\t\t\t\t<div class=\"elementor-column elementor-col-50 elementor-inner-column elementor-element elementor-element-22b071c\" data-id=\"22b071c\" data-element_type=\"column\">\n\t\t\t<div class=\"elementor-widget-wrap elementor-element-populated\">\n\t\t\t\t\t\t<div class=\"elementor-element elementor-element-1d5f786 elementor-widget elementor-widget-image\" data-id=\"1d5f786\" data-element_type=\"widget\" data-widget_type=\"image.default\">\n\t\t\t\t<div class=\"elementor-widget-container\">\n\t\t\t\t\t\t\t\t\t\t\t\t\t\t\t<img decoding=\"async\" width=\"1024\" height=\"768\" src=\"https:\/\/arise-gateway.org\/wp-content\/uploads\/2022\/06\/4A597997-53EC-46D6-BFB4-C86B316F0612-1024x768.jpeg\" class=\"attachment-large size-large wp-image-3014\" alt=\"\" srcset=\"https:\/\/arise-gateway.org\/wp-content\/uploads\/2022\/06\/4A597997-53EC-46D6-BFB4-C86B316F0612-1024x768.jpeg 1024w, https:\/\/arise-gateway.org\/wp-content\/uploads\/2022\/06\/4A597997-53EC-46D6-BFB4-C86B316F0612-360x270.jpeg 360w, https:\/\/arise-gateway.org\/wp-content\/uploads\/2022\/06\/4A597997-53EC-46D6-BFB4-C86B316F0612-768x576.jpeg 768w, https:\/\/arise-gateway.org\/wp-content\/uploads\/2022\/06\/4A597997-53EC-46D6-BFB4-C86B316F0612-1536x1152.jpeg 1536w, https:\/\/arise-gateway.org\/wp-content\/uploads\/2022\/06\/4A597997-53EC-46D6-BFB4-C86B316F0612-2048x1536.jpeg 2048w, https:\/\/arise-gateway.org\/wp-content\/uploads\/2022\/06\/4A597997-53EC-46D6-BFB4-C86B316F0612-16x12.jpeg 16w\" sizes=\"(max-width: 1024px) 100vw, 1024px\" \/>\t\t\t\t\t\t\t\t\t\t\t\t\t\t\t<\/div>\n\t\t\t\t<\/div>\n\t\t\t\t\t<\/div>\n\t\t<\/div>\n\t\t\t\t\t<\/div>\n\t\t<\/section>\n\t\t\t\t\t<\/div>\n\t\t<\/div>\n\t\t\t\t\t<\/div>\n\t\t<\/section>\n\t\t\t\t<\/div>","protected":false},"excerpt":{"rendered":"<p>Educational Services Over 2 million children and youngsters in South Sudan have been deprived of education, putting their future at risk. Some of these children are doing labor work to support their families and cannot pay for their education needs.\u00a0 How can you help? Child Sponsorship We recognized that good quality primary and secondary education [&hellip;]<\/p>","protected":false},"author":1,"featured_media":0,"parent":0,"menu_order":0,"comment_status":"closed","ping_status":"closed","template":"","meta":{"_monsterinsights_skip_tracking":false,"_monsterinsights_sitenote_active":false,"_monsterinsights_sitenote_note":"","_monsterinsights_sitenote_category":0,"site-sidebar-layout":"no-sidebar","site-content-layout":"page-builder","ast-site-content-layout":"default","site-content-style":"default","site-sidebar-style":"default","ast-global-header-display":"","ast-banner-title-visibility":"","ast-main-header-display":"","ast-hfb-above-header-display":"","ast-hfb-below-header-display":"","ast-hfb-mobile-header-display":"","site-post-title":"disabled","ast-breadcrumbs-content":"","ast-featured-img":"disabled","footer-sml-layout":"","theme-transparent-header-meta":"default","adv-header-id-meta":"","stick-header-meta":"","header-above-stick-meta":"","header-main-stick-meta":"","header-below-stick-meta":"","astra-migrate-meta-layouts":"default","ast-page-background-enabled":"default","ast-page-background-meta":{"desktop":{"background-color":"","background-image":"","background-repeat":"repeat","background-position":"center center","background-size":"auto","background-attachment":"scroll","background-type":"","background-media":"","overlay-type":"","overlay-color":"","overlay-opacity":"","overlay-gradient":""},"tablet":{"background-color":"","background-image":"","background-repeat":"repeat","background-position":"center center","background-size":"auto","background-attachment":"scroll","background-type":"","background-media":"","overlay-type":"","overlay-color":"","overlay-opacity":"","overlay-gradient":""},"mobile":{"background-color":"","background-image":"","background-repeat":"repeat","background-position":"center center","background-size":"auto","background-attachment":"scroll","background-type":"","background-media":"","overlay-type":"","overlay-color":"","overlay-opacity":"","overlay-gradient":""}},"ast-content-background-meta":{"desktop":{"background-color":"var(--ast-global-color-5)","background-image":"","background-repeat":"repeat","background-position":"center center","background-size":"auto","background-attachment":"scroll","background-type":"","background-media":"","overlay-type":"","overlay-color":"","overlay-opacity":"","overlay-gradient":""},"tablet":{"background-color":"var(--ast-global-color-5)","background-image":"","background-repeat":"repeat","background-position":"center center","background-size":"auto","background-attachment":"scroll","background-type":"","background-media":"","overlay-type":"","overlay-color":"","overlay-opacity":"","overlay-gradient":""},"mobile":{"background-color":"var(--ast-global-color-5)","background-image":"","background-repeat":"repeat","background-position":"center center","background-size":"auto","background-attachment":"scroll","background-type":"","background-media":"","overlay-type":"","overlay-color":"","overlay-opacity":"","overlay-gradient":""}},"footnotes":""},"class_list":["post-1271","page","type-page","status-publish","hentry"],"yoast_head":"<!-- This site is optimized with the Yoast SEO plugin v26.3 - https:\/\/yoast.com\/wordpress\/plugins\/seo\/ -->\n<title>Education - Arise Gateway<\/title>\n<meta name=\"robots\" content=\"index, follow, max-snippet:-1, max-image-preview:large, max-video-preview:-1\" \/>\n<link rel=\"canonical\" href=\"https:\/\/arise-gateway.org\/de\/education\/\" \/>\n<meta property=\"og:locale\" content=\"de_DE\" \/>\n<meta property=\"og:type\" content=\"article\" \/>\n<meta property=\"og:title\" content=\"Education - Arise Gateway\" \/>\n<meta property=\"og:description\" content=\"Educational Services Over 2 million children and youngsters in South Sudan have been deprived of education, putting their future at risk. Some of these children are doing labor work to support their families and cannot pay for their education needs.\u00a0 How can you help? Child Sponsorship We recognized that good quality primary and secondary education [&hellip;]\" \/>\n<meta property=\"og:url\" content=\"https:\/\/arise-gateway.org\/de\/education\/\" \/>\n<meta property=\"og:site_name\" content=\"Arise Gateway\" \/>\n<meta property=\"article:modified_time\" content=\"2022-06-06T18:32:37+00:00\" \/>\n<meta property=\"og:image\" content=\"https:\/\/arise-gateway.org\/wp-content\/uploads\/2022\/06\/CF786EF3-03F1-47C9-A0C5-C74D546F6250-1024x768.jpeg\" \/>\n<meta name=\"twitter:card\" content=\"summary_large_image\" \/>\n<meta name=\"twitter:label1\" content=\"Gesch\u00e4tzte Lesezeit\" \/>\n\t<meta name=\"twitter:data1\" content=\"2\u00a0Minuten\" \/>\n<script type=\"application\/ld+json\" class=\"yoast-schema-graph\">{\"@context\":\"https:\/\/schema.org\",\"@graph\":[{\"@type\":\"WebPage\",\"@id\":\"https:\/\/arise-gateway.org\/education\/\",\"url\":\"https:\/\/arise-gateway.org\/education\/\",\"name\":\"Education - Arise Gateway\",\"isPartOf\":{\"@id\":\"https:\/\/arise-gateway.org\/de\/#website\"},\"primaryImageOfPage\":{\"@id\":\"https:\/\/arise-gateway.org\/education\/#primaryimage\"},\"image\":{\"@id\":\"https:\/\/arise-gateway.org\/education\/#primaryimage\"},\"thumbnailUrl\":\"https:\/\/arise-gateway.org\/wp-content\/uploads\/2022\/06\/CF786EF3-03F1-47C9-A0C5-C74D546F6250-1024x768.jpeg\",\"datePublished\":\"2020-10-31T07:43:30+00:00\",\"dateModified\":\"2022-06-06T18:32:37+00:00\",\"breadcrumb\":{\"@id\":\"https:\/\/arise-gateway.org\/education\/#breadcrumb\"},\"inLanguage\":\"de\",\"potentialAction\":[{\"@type\":\"ReadAction\",\"target\":[\"https:\/\/arise-gateway.org\/education\/\"]}]},{\"@type\":\"ImageObject\",\"inLanguage\":\"de\",\"@id\":\"https:\/\/arise-gateway.org\/education\/#primaryimage\",\"url\":\"https:\/\/arise-gateway.org\/wp-content\/uploads\/2022\/06\/CF786EF3-03F1-47C9-A0C5-C74D546F6250-1024x768.jpeg\",\"contentUrl\":\"https:\/\/arise-gateway.org\/wp-content\/uploads\/2022\/06\/CF786EF3-03F1-47C9-A0C5-C74D546F6250-1024x768.jpeg\"},{\"@type\":\"BreadcrumbList\",\"@id\":\"https:\/\/arise-gateway.org\/education\/#breadcrumb\",\"itemListElement\":[{\"@type\":\"ListItem\",\"position\":1,\"name\":\"Home\",\"item\":\"https:\/\/arise-gateway.org\/\"},{\"@type\":\"ListItem\",\"position\":2,\"name\":\"Education\"}]},{\"@type\":\"WebSite\",\"@id\":\"https:\/\/arise-gateway.org\/de\/#website\",\"url\":\"https:\/\/arise-gateway.org\/de\/\",\"name\":\"Arise Gateway\",\"description\":\"Empowering Communities\",\"publisher\":{\"@id\":\"https:\/\/arise-gateway.org\/de\/#organization\"},\"potentialAction\":[{\"@type\":\"SearchAction\",\"target\":{\"@type\":\"EntryPoint\",\"urlTemplate\":\"https:\/\/arise-gateway.org\/de\/?s={search_term_string}\"},\"query-input\":{\"@type\":\"PropertyValueSpecification\",\"valueRequired\":true,\"valueName\":\"search_term_string\"}}],\"inLanguage\":\"de\"},{\"@type\":\"Organization\",\"@id\":\"https:\/\/arise-gateway.org\/de\/#organization\",\"name\":\"Arise Gateway\",\"url\":\"https:\/\/arise-gateway.org\/de\/\",\"logo\":{\"@type\":\"ImageObject\",\"inLanguage\":\"de\",\"@id\":\"https:\/\/arise-gateway.org\/de\/#\/schema\/logo\/image\/\",\"url\":\"https:\/\/arise-gateway.org\/wp-content\/uploads\/2020\/10\/5935417C-26EC-4B17-878B-63854AFED0E1_4_5005_c.jpeg\",\"contentUrl\":\"https:\/\/arise-gateway.org\/wp-content\/uploads\/2020\/10\/5935417C-26EC-4B17-878B-63854AFED0E1_4_5005_c.jpeg\",\"width\":500,\"height\":157,\"caption\":\"Arise Gateway\"},\"image\":{\"@id\":\"https:\/\/arise-gateway.org\/de\/#\/schema\/logo\/image\/\"}}]}<\/script>\n<!-- \/ Yoast SEO plugin. -->","yoast_head_json":{"title":"Education - Arise Gateway","robots":{"index":"index","follow":"follow","max-snippet":"max-snippet:-1","max-image-preview":"max-image-preview:large","max-video-preview":"max-video-preview:-1"},"canonical":"https:\/\/arise-gateway.org\/de\/education\/","og_locale":"de_DE","og_type":"article","og_title":"Education - Arise Gateway","og_description":"Educational Services Over 2 million children and youngsters in South Sudan have been deprived of education, putting their future at risk. Some of these children are doing labor work to support their families and cannot pay for their education needs.\u00a0 How can you help? Child Sponsorship We recognized that good quality primary and secondary education [&hellip;]","og_url":"https:\/\/arise-gateway.org\/de\/education\/","og_site_name":"Arise Gateway","article_modified_time":"2022-06-06T18:32:37+00:00","og_image":[{"url":"https:\/\/arise-gateway.org\/wp-content\/uploads\/2022\/06\/CF786EF3-03F1-47C9-A0C5-C74D546F6250-1024x768.jpeg","type":"","width":"","height":""}],"twitter_card":"summary_large_image","twitter_misc":{"Gesch\u00e4tzte Lesezeit":"2\u00a0Minuten"},"schema":{"@context":"https:\/\/schema.org","@graph":[{"@type":"WebPage","@id":"https:\/\/arise-gateway.org\/education\/","url":"https:\/\/arise-gateway.org\/education\/","name":"Education - Arise Gateway","isPartOf":{"@id":"https:\/\/arise-gateway.org\/de\/#website"},"primaryImageOfPage":{"@id":"https:\/\/arise-gateway.org\/education\/#primaryimage"},"image":{"@id":"https:\/\/arise-gateway.org\/education\/#primaryimage"},"thumbnailUrl":"https:\/\/arise-gateway.org\/wp-content\/uploads\/2022\/06\/CF786EF3-03F1-47C9-A0C5-C74D546F6250-1024x768.jpeg","datePublished":"2020-10-31T07:43:30+00:00","dateModified":"2022-06-06T18:32:37+00:00","breadcrumb":{"@id":"https:\/\/arise-gateway.org\/education\/#breadcrumb"},"inLanguage":"de","potentialAction":[{"@type":"ReadAction","target":["https:\/\/arise-gateway.org\/education\/"]}]},{"@type":"ImageObject","inLanguage":"de","@id":"https:\/\/arise-gateway.org\/education\/#primaryimage","url":"https:\/\/arise-gateway.org\/wp-content\/uploads\/2022\/06\/CF786EF3-03F1-47C9-A0C5-C74D546F6250-1024x768.jpeg","contentUrl":"https:\/\/arise-gateway.org\/wp-content\/uploads\/2022\/06\/CF786EF3-03F1-47C9-A0C5-C74D546F6250-1024x768.jpeg"},{"@type":"BreadcrumbList","@id":"https:\/\/arise-gateway.org\/education\/#breadcrumb","itemListElement":[{"@type":"ListItem","position":1,"name":"Home","item":"https:\/\/arise-gateway.org\/"},{"@type":"ListItem","position":2,"name":"Education"}]},{"@type":"WebSite","@id":"https:\/\/arise-gateway.org\/de\/#website","url":"https:\/\/arise-gateway.org\/de\/","name":"Arise Gateway ist eine nationale Nichtregierungsorganisation (NNGO), die seit 2018 benachteiligten Gemeinden im gesamten S\u00fcdsudan hilft. Wir setzen uns daf\u00fcr ein, Menschen zu st\u00e4rken, indem wir lokalen Gemeinden Zugang zu den Instrumenten und Ressourcen verschaffen, die sie f\u00fcr eine nachhaltige Entwicklung und Wachstum ben\u00f6tigen.\n\nUnsere Arbeit konzentriert sich auf die F\u00f6rderung der Bildung benachteiligter Kinder, die Vergabe von Stipendien an Sch\u00fcler und Studenten, die Schulung lokaler Landwirte und die Vermittlung grundlegender F\u00e4higkeiten, damit die Menschen ihr Potenzial voll aussch\u00f6pfen k\u00f6nnen. Geleitet von einem gemeinschaftsorientierten Ansatz arbeiten wir eng mit lokalen Gemeinschaften zusammen, um nachhaltige L\u00f6sungen f\u00fcr lokale Herausforderungen zu entwickeln und umzusetzen \u2013 damit die Entwicklung nicht nur wirkungsvoll, sondern auch nachhaltig ist.","description":"Empowering Communities","publisher":{"@id":"https:\/\/arise-gateway.org\/de\/#organization"},"potentialAction":[{"@type":"SearchAction","target":{"@type":"EntryPoint","urlTemplate":"https:\/\/arise-gateway.org\/de\/?s={search_term_string}"},"query-input":{"@type":"PropertyValueSpecification","valueRequired":true,"valueName":"search_term_string"}}],"inLanguage":"de"},{"@type":"Organization","@id":"https:\/\/arise-gateway.org\/de\/#organization","name":"Arise Gateway ist eine nationale Nichtregierungsorganisation (NNGO), die seit 2018 benachteiligten Gemeinden im gesamten S\u00fcdsudan hilft. Wir setzen uns daf\u00fcr ein, Menschen zu st\u00e4rken, indem wir lokalen Gemeinden Zugang zu den Instrumenten und Ressourcen verschaffen, die sie f\u00fcr eine nachhaltige Entwicklung und Wachstum ben\u00f6tigen.\n\nUnsere Arbeit konzentriert sich auf die F\u00f6rderung der Bildung benachteiligter Kinder, die Vergabe von Stipendien an Sch\u00fcler und Studenten, die Schulung lokaler Landwirte und die Vermittlung grundlegender F\u00e4higkeiten, damit die Menschen ihr Potenzial voll aussch\u00f6pfen k\u00f6nnen. Geleitet von einem gemeinschaftsorientierten Ansatz arbeiten wir eng mit lokalen Gemeinschaften zusammen, um nachhaltige L\u00f6sungen f\u00fcr lokale Herausforderungen zu entwickeln und umzusetzen \u2013 damit die Entwicklung nicht nur wirkungsvoll, sondern auch nachhaltig ist.","url":"https:\/\/arise-gateway.org\/de\/","logo":{"@type":"ImageObject","inLanguage":"de","@id":"https:\/\/arise-gateway.org\/de\/#\/schema\/logo\/image\/","url":"https:\/\/arise-gateway.org\/wp-content\/uploads\/2020\/10\/5935417C-26EC-4B17-878B-63854AFED0E1_4_5005_c.jpeg","contentUrl":"https:\/\/arise-gateway.org\/wp-content\/uploads\/2020\/10\/5935417C-26EC-4B17-878B-63854AFED0E1_4_5005_c.jpeg","width":500,"height":157,"caption":"Arise Gateway"},"image":{"@id":"https:\/\/arise-gateway.org\/de\/#\/schema\/logo\/image\/"}}]}},"_links":{"self":[{"href":"https:\/\/arise-gateway.org\/de\/wp-json\/wp\/v2\/pages\/1271","targetHints":{"allow":["GET"]}}],"collection":[{"href":"https:\/\/arise-gateway.org\/de\/wp-json\/wp\/v2\/pages"}],"about":[{"href":"https:\/\/arise-gateway.org\/de\/wp-json\/wp\/v2\/types\/page"}],"author":[{"embeddable":true,"href":"https:\/\/arise-gateway.org\/de\/wp-json\/wp\/v2\/users\/1"}],"replies":[{"embeddable":true,"href":"https:\/\/arise-gateway.org\/de\/wp-json\/wp\/v2\/comments?post=1271"}],"version-history":[{"count":91,"href":"https:\/\/arise-gateway.org\/de\/wp-json\/wp\/v2\/pages\/1271\/revisions"}],"predecessor-version":[{"id":3020,"href":"https:\/\/arise-gateway.org\/de\/wp-json\/wp\/v2\/pages\/1271\/revisions\/3020"}],"wp:attachment":[{"href":"https:\/\/arise-gateway.org\/de\/wp-json\/wp\/v2\/media?parent=1271"}],"curies":[{"name":"wp","href":"https:\/\/api.w.org\/{rel}","templated":true}]}}